{"id":388,"date":"2025-03-16T17:28:14","date_gmt":"2025-03-16T16:28:14","guid":{"rendered":"https:\/\/eiikkii.fr\/?page_id=388"},"modified":"2025-03-16T17:40:49","modified_gmt":"2025-03-16T16:40:49","slug":"mitsugi","status":"publish","type":"page","link":"https:\/\/eiikkii.fr\/index.php\/mitsugi\/","title":{"rendered":"Mitsugi"},"content":{"rendered":"\t\t<div data-elementor-type=\"wp-page\" data-elementor-id=\"388\" class=\"elementor elementor-388\" data-elementor-post-type=\"page\">\n\t\t\t\t<div class=\"elementor-element elementor-element-86534f1 e-flex e-con-boxed e-con e-parent\" data-id=\"86534f1\" data-element_type=\"container\">\n\t\t\t\t\t<div class=\"e-con-inner\">\n\t\t\t\t<div class=\"elementor-element elementor-element-f0c62e8 elementor-widget elementor-widget-heading\" data-id=\"f0c62e8\" data-element_type=\"widget\" data-widget_type=\"heading.default\">\n\t\t\t\t<div class=\"elementor-widget-container\">\n\t\t\t\t\t<h2 class=\"elementor-heading-title elementor-size-default\">Mitsugi in Da Block<\/h2>\t\t\t\t<\/div>\n\t\t\t\t<\/div>\n\t\t\t\t<div class=\"elementor-element elementor-element-d291aa6 elementor-widget elementor-widget-text-editor\" data-id=\"d291aa6\" data-element_type=\"widget\" data-widget_type=\"text-editor.default\">\n\t\t\t\t<div class=\"elementor-widget-container\">\n\t\t\t\t\t\t\t\t\t<p>Lors de mon s\u00e9jour \u00e0 Tokyo, j&#8217;ai eu l&#8217;opportunit\u00e9 de rencontrer Mitsugi gr\u00e2ce \u00e0 nos communaut\u00e9s respectives. Nous avons r\u00e9alis\u00e9 une s\u00e9ance photo ensemble au c\u0153ur de Shibuya, un quartier qui occupe une place particuli\u00e8re dans ses souvenirs. Ce fut un moment privil\u00e9gi\u00e9 d\u2019\u00e9change entre lui, qui a construit sa vie d\u2019adulte \u00e0 Shibuya, et moi, fra\u00eechement arriv\u00e9 au Japon. Une exp\u00e9rience enrichissante, m\u00ealant partage et d\u00e9couverte.<\/p>\t\t\t\t\t\t\t\t<\/div>\n\t\t\t\t<\/div>\n\t\t\t\t<div class=\"elementor-element elementor-element-d7faba9 elementor-widget elementor-widget-image\" data-id=\"d7faba9\" data-element_type=\"widget\" data-widget_type=\"image.default\">\n\t\t\t\t<div class=\"elementor-widget-container\">\n\t\t\t\t\t\t\t\t\t\t\t\t\t\t\t<img fetchpriority=\"high\" decoding=\"async\" width=\"800\" height=\"534\" src=\"https:\/\/eiikkii.fr\/wp-content\/uploads\/2025\/03\/mitsu-26-1024x683.jpg\" class=\"attachment-large size-large wp-image-231\" alt=\"\" srcset=\"https:\/\/eiikkii.fr\/wp-content\/uploads\/2025\/03\/mitsu-26-1024x683.jpg 1024w, https:\/\/eiikkii.fr\/wp-content\/uploads\/2025\/03\/mitsu-26-300x200.jpg 300w, https:\/\/eiikkii.fr\/wp-content\/uploads\/2025\/03\/mitsu-26-768x512.jpg 768w, https:\/\/eiikkii.fr\/wp-content\/uploads\/2025\/03\/mitsu-26-1536x1024.jpg 1536w\" sizes=\"(max-width: 800px) 100vw, 800px\" \/>\t\t\t\t\t\t\t\t\t\t\t\t\t\t\t<\/div>\n\t\t\t\t<\/div>\n\t\t\t\t\t<\/div>\n\t\t\t\t<\/div>\n\t\t<div class=\"elementor-element elementor-element-fd47af2 e-flex e-con-boxed e-con e-parent\" data-id=\"fd47af2\" data-element_type=\"container\">\n\t\t\t\t\t<div class=\"e-con-inner\">\n\t\t<div class=\"elementor-element elementor-element-6c79f83 e-con-full e-flex e-con e-child\" data-id=\"6c79f83\" data-element_type=\"container\">\n\t\t\t\t<div class=\"elementor-element elementor-element-7ec578c elementor-widget elementor-widget-image\" data-id=\"7ec578c\" data-element_type=\"widget\" data-widget_type=\"image.default\">\n\t\t\t\t<div class=\"elementor-widget-container\">\n\t\t\t\t\t\t\t\t\t\t\t\t\t\t\t<img decoding=\"async\" width=\"683\" height=\"1024\" src=\"https:\/\/eiikkii.fr\/wp-content\/uploads\/2025\/03\/mitsu-14-683x1024.jpg\" class=\"attachment-large size-large wp-image-225\" alt=\"\" srcset=\"https:\/\/eiikkii.fr\/wp-content\/uploads\/2025\/03\/mitsu-14-683x1024.jpg 683w, https:\/\/eiikkii.fr\/wp-content\/uploads\/2025\/03\/mitsu-14-200x300.jpg 200w, https:\/\/eiikkii.fr\/wp-content\/uploads\/2025\/03\/mitsu-14-768x1152.jpg 768w, https:\/\/eiikkii.fr\/wp-content\/uploads\/2025\/03\/mitsu-14-1024x1536.jpg 1024w, https:\/\/eiikkii.fr\/wp-content\/uploads\/2025\/03\/mitsu-14-scaled.jpg 1707w\" sizes=\"(max-width: 683px) 100vw, 683px\" \/>\t\t\t\t\t\t\t\t\t\t\t\t\t\t\t<\/div>\n\t\t\t\t<\/div>\n\t\t\t\t<\/div>\n\t\t<div class=\"elementor-element elementor-element-abc8b87 e-con-full e-flex e-con e-child\" data-id=\"abc8b87\" data-element_type=\"container\">\n\t\t\t\t<div class=\"elementor-element elementor-element-89268d4 elementor-widget elementor-widget-image\" data-id=\"89268d4\" data-element_type=\"widget\" data-widget_type=\"image.default\">\n\t\t\t\t<div class=\"elementor-widget-container\">\n\t\t\t\t\t\t\t\t\t\t\t\t\t\t\t<img decoding=\"async\" width=\"683\" height=\"1024\" src=\"https:\/\/eiikkii.fr\/wp-content\/uploads\/2025\/03\/mitsu-16-683x1024.jpg\" class=\"attachment-large size-large wp-image-226\" alt=\"Mitsugi\" srcset=\"https:\/\/eiikkii.fr\/wp-content\/uploads\/2025\/03\/mitsu-16-683x1024.jpg 683w, https:\/\/eiikkii.fr\/wp-content\/uploads\/2025\/03\/mitsu-16-200x300.jpg 200w, https:\/\/eiikkii.fr\/wp-content\/uploads\/2025\/03\/mitsu-16-768x1152.jpg 768w, https:\/\/eiikkii.fr\/wp-content\/uploads\/2025\/03\/mitsu-16-1024x1536.jpg 1024w, https:\/\/eiikkii.fr\/wp-content\/uploads\/2025\/03\/mitsu-16-scaled.jpg 1707w\" sizes=\"(max-width: 683px) 100vw, 683px\" \/>\t\t\t\t\t\t\t\t\t\t\t\t\t\t\t<\/div>\n\t\t\t\t<\/div>\n\t\t\t\t<\/div>\n\t\t\t\t\t<\/div>\n\t\t\t\t<\/div>\n\t\t<div class=\"elementor-element elementor-element-6300ad4 e-flex e-con-boxed e-con e-parent\" data-id=\"6300ad4\" data-element_type=\"container\">\n\t\t\t\t\t<div class=\"e-con-inner\">\n\t\t<div class=\"elementor-element elementor-element-397c5de e-con-full e-flex e-con e-child\" data-id=\"397c5de\" data-element_type=\"container\">\n\t\t\t\t<div class=\"elementor-element elementor-element-e5efbc5 elementor-widget elementor-widget-image\" data-id=\"e5efbc5\" data-element_type=\"widget\" data-widget_type=\"image.default\">\n\t\t\t\t<div class=\"elementor-widget-container\">\n\t\t\t\t\t\t\t\t\t\t\t\t\t\t\t<img loading=\"lazy\" decoding=\"async\" width=\"683\" height=\"1024\" src=\"https:\/\/eiikkii.fr\/wp-content\/uploads\/2025\/03\/mitsu-23-683x1024.jpg\" class=\"attachment-large size-large wp-image-229\" alt=\"\" srcset=\"https:\/\/eiikkii.fr\/wp-content\/uploads\/2025\/03\/mitsu-23-683x1024.jpg 683w, https:\/\/eiikkii.fr\/wp-content\/uploads\/2025\/03\/mitsu-23-200x300.jpg 200w, https:\/\/eiikkii.fr\/wp-content\/uploads\/2025\/03\/mitsu-23-768x1152.jpg 768w, https:\/\/eiikkii.fr\/wp-content\/uploads\/2025\/03\/mitsu-23-1024x1536.jpg 1024w, https:\/\/eiikkii.fr\/wp-content\/uploads\/2025\/03\/mitsu-23-scaled.jpg 1707w\" sizes=\"(max-width: 683px) 100vw, 683px\" \/>\t\t\t\t\t\t\t\t\t\t\t\t\t\t\t<\/div>\n\t\t\t\t<\/div>\n\t\t\t\t<\/div>\n\t\t<div class=\"elementor-element elementor-element-fe63355 e-con-full e-flex e-con e-child\" data-id=\"fe63355\" data-element_type=\"container\">\n\t\t\t\t<div class=\"elementor-element elementor-element-c4ce753 elementor-widget elementor-widget-image\" data-id=\"c4ce753\" data-element_type=\"widget\" data-widget_type=\"image.default\">\n\t\t\t\t<div class=\"elementor-widget-container\">\n\t\t\t\t\t\t\t\t\t\t\t\t\t\t\t<img loading=\"lazy\" decoding=\"async\" width=\"683\" height=\"1024\" src=\"https:\/\/eiikkii.fr\/wp-content\/uploads\/2025\/03\/mitsu-19-683x1024.jpg\" class=\"attachment-large size-large wp-image-227\" alt=\"\" srcset=\"https:\/\/eiikkii.fr\/wp-content\/uploads\/2025\/03\/mitsu-19-683x1024.jpg 683w, https:\/\/eiikkii.fr\/wp-content\/uploads\/2025\/03\/mitsu-19-200x300.jpg 200w, https:\/\/eiikkii.fr\/wp-content\/uploads\/2025\/03\/mitsu-19-768x1152.jpg 768w, https:\/\/eiikkii.fr\/wp-content\/uploads\/2025\/03\/mitsu-19-1024x1536.jpg 1024w, https:\/\/eiikkii.fr\/wp-content\/uploads\/2025\/03\/mitsu-19-scaled.jpg 1707w\" sizes=\"(max-width: 683px) 100vw, 683px\" \/>\t\t\t\t\t\t\t\t\t\t\t\t\t\t\t<\/div>\n\t\t\t\t<\/div>\n\t\t\t\t<\/div>\n\t\t\t\t\t<\/div>\n\t\t\t\t<\/div>\n\t\t\t\t<\/div>\n\t\t","protected":false},"excerpt":{"rendered":"<p>Mitsugi in Da Block Lors de mon s\u00e9jour \u00e0 Tokyo, j&#8217;ai eu l&#8217;opportunit\u00e9 de rencontrer Mitsugi gr\u00e2ce \u00e0 nos communaut\u00e9s respectives. Nous avons r\u00e9alis\u00e9 une s\u00e9ance photo ensemble au c\u0153ur de Shibuya, un quartier qui occupe une place particuli\u00e8re dans ses souvenirs. Ce fut un moment privil\u00e9gi\u00e9 d\u2019\u00e9change entre lui, qui a construit sa vie [&hellip;]<\/p>\n","protected":false},"author":1,"featured_media":231,"parent":0,"menu_order":0,"comment_status":"closed","ping_status":"closed","template":"","meta":{"footnotes":""},"class_list":["post-388","page","type-page","status-publish","has-post-thumbnail","hentry"],"yoast_head":"<!-- This site is optimized with the Yoast SEO plugin v24.6 - https:\/\/yoast.com\/wordpress\/plugins\/seo\/ -->\n<title>Mitsugi - Eiikkii<\/title>\n<meta name=\"robots\" content=\"index, follow, max-snippet:-1, max-image-preview:large, max-video-preview:-1\" \/>\n<link rel=\"canonical\" href=\"https:\/\/eiikkii.fr\/index.php\/mitsugi\/\" \/>\n<meta property=\"og:locale\" content=\"en_US\" \/>\n<meta property=\"og:type\" content=\"article\" \/>\n<meta property=\"og:title\" content=\"Mitsugi - Eiikkii\" \/>\n<meta property=\"og:description\" content=\"Mitsugi in Da Block Lors de mon s\u00e9jour \u00e0 Tokyo, j&#8217;ai eu l&#8217;opportunit\u00e9 de rencontrer Mitsugi gr\u00e2ce \u00e0 nos communaut\u00e9s respectives. Nous avons r\u00e9alis\u00e9 une s\u00e9ance photo ensemble au c\u0153ur de Shibuya, un quartier qui occupe une place particuli\u00e8re dans ses souvenirs. Ce fut un moment privil\u00e9gi\u00e9 d\u2019\u00e9change entre lui, qui a construit sa vie [&hellip;]\" \/>\n<meta property=\"og:url\" content=\"https:\/\/eiikkii.fr\/index.php\/mitsugi\/\" \/>\n<meta property=\"og:site_name\" content=\"Eiikkii\" \/>\n<meta property=\"article:modified_time\" content=\"2025-03-16T16:40:49+00:00\" \/>\n<meta property=\"og:image\" content=\"http:\/\/eiikkii.fr\/wp-content\/uploads\/2025\/03\/mitsu-26-scaled.jpg\" \/>\n\t<meta property=\"og:image:width\" content=\"2560\" \/>\n\t<meta property=\"og:image:height\" content=\"1707\" \/>\n\t<meta property=\"og:image:type\" content=\"image\/jpeg\" \/>\n<meta name=\"twitter:card\" content=\"summary_large_image\" \/>\n<meta name=\"twitter:label1\" content=\"Est. reading time\" \/>\n\t<meta name=\"twitter:data1\" content=\"2 minutes\" \/>\n<script type=\"application\/ld+json\" class=\"yoast-schema-graph\">{\"@context\":\"https:\/\/schema.org\",\"@graph\":[{\"@type\":\"WebPage\",\"@id\":\"https:\/\/eiikkii.fr\/index.php\/mitsugi\/\",\"url\":\"https:\/\/eiikkii.fr\/index.php\/mitsugi\/\",\"name\":\"Mitsugi - Eiikkii\",\"isPartOf\":{\"@id\":\"https:\/\/eiikkii.fr\/#website\"},\"primaryImageOfPage\":{\"@id\":\"https:\/\/eiikkii.fr\/index.php\/mitsugi\/#primaryimage\"},\"image\":{\"@id\":\"https:\/\/eiikkii.fr\/index.php\/mitsugi\/#primaryimage\"},\"thumbnailUrl\":\"https:\/\/eiikkii.fr\/wp-content\/uploads\/2025\/03\/mitsu-26-scaled.jpg\",\"datePublished\":\"2025-03-16T16:28:14+00:00\",\"dateModified\":\"2025-03-16T16:40:49+00:00\",\"breadcrumb\":{\"@id\":\"https:\/\/eiikkii.fr\/index.php\/mitsugi\/#breadcrumb\"},\"inLanguage\":\"en-US\",\"potentialAction\":[{\"@type\":\"ReadAction\",\"target\":[\"https:\/\/eiikkii.fr\/index.php\/mitsugi\/\"]}]},{\"@type\":\"ImageObject\",\"inLanguage\":\"en-US\",\"@id\":\"https:\/\/eiikkii.fr\/index.php\/mitsugi\/#primaryimage\",\"url\":\"https:\/\/eiikkii.fr\/wp-content\/uploads\/2025\/03\/mitsu-26-scaled.jpg\",\"contentUrl\":\"https:\/\/eiikkii.fr\/wp-content\/uploads\/2025\/03\/mitsu-26-scaled.jpg\",\"width\":2560,\"height\":1707,\"caption\":\"Shooting yuki\"},{\"@type\":\"BreadcrumbList\",\"@id\":\"https:\/\/eiikkii.fr\/index.php\/mitsugi\/#breadcrumb\",\"itemListElement\":[{\"@type\":\"ListItem\",\"position\":1,\"name\":\"Accueil\",\"item\":\"https:\/\/eiikkii.fr\/\"},{\"@type\":\"ListItem\",\"position\":2,\"name\":\"Mitsugi\"}]},{\"@type\":\"WebSite\",\"@id\":\"https:\/\/eiikkii.fr\/#website\",\"url\":\"https:\/\/eiikkii.fr\/\",\"name\":\"Eiikkii\",\"description\":\"Un site utilisant WordPress\",\"publisher\":{\"@id\":\"https:\/\/eiikkii.fr\/#organization\"},\"potentialAction\":[{\"@type\":\"SearchAction\",\"target\":{\"@type\":\"EntryPoint\",\"urlTemplate\":\"https:\/\/eiikkii.fr\/?s={search_term_string}\"},\"query-input\":{\"@type\":\"PropertyValueSpecification\",\"valueRequired\":true,\"valueName\":\"search_term_string\"}}],\"inLanguage\":\"en-US\"},{\"@type\":\"Organization\",\"@id\":\"https:\/\/eiikkii.fr\/#organization\",\"name\":\"Eiikkii\",\"url\":\"https:\/\/eiikkii.fr\/\",\"logo\":{\"@type\":\"ImageObject\",\"inLanguage\":\"en-US\",\"@id\":\"https:\/\/eiikkii.fr\/#\/schema\/logo\/image\/\",\"url\":\"https:\/\/eiikkii.fr\/wp-content\/uploads\/2025\/03\/LOGO.jpg\",\"contentUrl\":\"https:\/\/eiikkii.fr\/wp-content\/uploads\/2025\/03\/LOGO.jpg\",\"width\":500,\"height\":281,\"caption\":\"Eiikkii\"},\"image\":{\"@id\":\"https:\/\/eiikkii.fr\/#\/schema\/logo\/image\/\"},\"sameAs\":[\"https:\/\/www.instagram.com\/eiikkii\/\",\"https:\/\/www.youtube.com\/@eiikkiii\"]}]}<\/script>\n<!-- \/ Yoast SEO plugin. -->","yoast_head_json":{"title":"Mitsugi - Eiikkii","robots":{"index":"index","follow":"follow","max-snippet":"max-snippet:-1","max-image-preview":"max-image-preview:large","max-video-preview":"max-video-preview:-1"},"canonical":"https:\/\/eiikkii.fr\/index.php\/mitsugi\/","og_locale":"en_US","og_type":"article","og_title":"Mitsugi - Eiikkii","og_description":"Mitsugi in Da Block Lors de mon s\u00e9jour \u00e0 Tokyo, j&#8217;ai eu l&#8217;opportunit\u00e9 de rencontrer Mitsugi gr\u00e2ce \u00e0 nos communaut\u00e9s respectives. Nous avons r\u00e9alis\u00e9 une s\u00e9ance photo ensemble au c\u0153ur de Shibuya, un quartier qui occupe une place particuli\u00e8re dans ses souvenirs. Ce fut un moment privil\u00e9gi\u00e9 d\u2019\u00e9change entre lui, qui a construit sa vie [&hellip;]","og_url":"https:\/\/eiikkii.fr\/index.php\/mitsugi\/","og_site_name":"Eiikkii","article_modified_time":"2025-03-16T16:40:49+00:00","og_image":[{"width":2560,"height":1707,"url":"http:\/\/eiikkii.fr\/wp-content\/uploads\/2025\/03\/mitsu-26-scaled.jpg","type":"image\/jpeg"}],"twitter_card":"summary_large_image","twitter_misc":{"Est. reading time":"2 minutes"},"schema":{"@context":"https:\/\/schema.org","@graph":[{"@type":"WebPage","@id":"https:\/\/eiikkii.fr\/index.php\/mitsugi\/","url":"https:\/\/eiikkii.fr\/index.php\/mitsugi\/","name":"Mitsugi - Eiikkii","isPartOf":{"@id":"https:\/\/eiikkii.fr\/#website"},"primaryImageOfPage":{"@id":"https:\/\/eiikkii.fr\/index.php\/mitsugi\/#primaryimage"},"image":{"@id":"https:\/\/eiikkii.fr\/index.php\/mitsugi\/#primaryimage"},"thumbnailUrl":"https:\/\/eiikkii.fr\/wp-content\/uploads\/2025\/03\/mitsu-26-scaled.jpg","datePublished":"2025-03-16T16:28:14+00:00","dateModified":"2025-03-16T16:40:49+00:00","breadcrumb":{"@id":"https:\/\/eiikkii.fr\/index.php\/mitsugi\/#breadcrumb"},"inLanguage":"en-US","potentialAction":[{"@type":"ReadAction","target":["https:\/\/eiikkii.fr\/index.php\/mitsugi\/"]}]},{"@type":"ImageObject","inLanguage":"en-US","@id":"https:\/\/eiikkii.fr\/index.php\/mitsugi\/#primaryimage","url":"https:\/\/eiikkii.fr\/wp-content\/uploads\/2025\/03\/mitsu-26-scaled.jpg","contentUrl":"https:\/\/eiikkii.fr\/wp-content\/uploads\/2025\/03\/mitsu-26-scaled.jpg","width":2560,"height":1707,"caption":"Shooting yuki"},{"@type":"BreadcrumbList","@id":"https:\/\/eiikkii.fr\/index.php\/mitsugi\/#breadcrumb","itemListElement":[{"@type":"ListItem","position":1,"name":"Accueil","item":"https:\/\/eiikkii.fr\/"},{"@type":"ListItem","position":2,"name":"Mitsugi"}]},{"@type":"WebSite","@id":"https:\/\/eiikkii.fr\/#website","url":"https:\/\/eiikkii.fr\/","name":"Eiikkii","description":"Un site utilisant WordPress","publisher":{"@id":"https:\/\/eiikkii.fr\/#organization"},"potentialAction":[{"@type":"SearchAction","target":{"@type":"EntryPoint","urlTemplate":"https:\/\/eiikkii.fr\/?s={search_term_string}"},"query-input":{"@type":"PropertyValueSpecification","valueRequired":true,"valueName":"search_term_string"}}],"inLanguage":"en-US"},{"@type":"Organization","@id":"https:\/\/eiikkii.fr\/#organization","name":"Eiikkii","url":"https:\/\/eiikkii.fr\/","logo":{"@type":"ImageObject","inLanguage":"en-US","@id":"https:\/\/eiikkii.fr\/#\/schema\/logo\/image\/","url":"https:\/\/eiikkii.fr\/wp-content\/uploads\/2025\/03\/LOGO.jpg","contentUrl":"https:\/\/eiikkii.fr\/wp-content\/uploads\/2025\/03\/LOGO.jpg","width":500,"height":281,"caption":"Eiikkii"},"image":{"@id":"https:\/\/eiikkii.fr\/#\/schema\/logo\/image\/"},"sameAs":["https:\/\/www.instagram.com\/eiikkii\/","https:\/\/www.youtube.com\/@eiikkiii"]}]}},"_links":{"self":[{"href":"https:\/\/eiikkii.fr\/index.php\/wp-json\/wp\/v2\/pages\/388","targetHints":{"allow":["GET"]}}],"collection":[{"href":"https:\/\/eiikkii.fr\/index.php\/wp-json\/wp\/v2\/pages"}],"about":[{"href":"https:\/\/eiikkii.fr\/index.php\/wp-json\/wp\/v2\/types\/page"}],"author":[{"embeddable":true,"href":"https:\/\/eiikkii.fr\/index.php\/wp-json\/wp\/v2\/users\/1"}],"replies":[{"embeddable":true,"href":"https:\/\/eiikkii.fr\/index.php\/wp-json\/wp\/v2\/comments?post=388"}],"version-history":[{"count":4,"href":"https:\/\/eiikkii.fr\/index.php\/wp-json\/wp\/v2\/pages\/388\/revisions"}],"predecessor-version":[{"id":392,"href":"https:\/\/eiikkii.fr\/index.php\/wp-json\/wp\/v2\/pages\/388\/revisions\/392"}],"wp:featuredmedia":[{"embeddable":true,"href":"https:\/\/eiikkii.fr\/index.php\/wp-json\/wp\/v2\/media\/231"}],"wp:attachment":[{"href":"https:\/\/eiikkii.fr\/index.php\/wp-json\/wp\/v2\/media?parent=388"}],"curies":[{"name":"wp","href":"https:\/\/api.w.org\/{rel}","templated":true}]}}