{"id":408,"date":"2025-03-16T18:00:46","date_gmt":"2025-03-16T17:00:46","guid":{"rendered":"https:\/\/eiikkii.fr\/?page_id=408"},"modified":"2025-03-16T18:08:57","modified_gmt":"2025-03-16T17:08:57","slug":"tokyo-drift","status":"publish","type":"page","link":"https:\/\/eiikkii.fr\/index.php\/tokyo-drift\/","title":{"rendered":"Tokyo Drift"},"content":{"rendered":"\t\t<div data-elementor-type=\"wp-page\" data-elementor-id=\"408\" class=\"elementor elementor-408\" data-elementor-post-type=\"page\">\n\t\t\t\t<div class=\"elementor-element elementor-element-0f1767f e-flex e-con-boxed e-con e-parent\" data-id=\"0f1767f\" data-element_type=\"container\">\n\t\t\t\t\t<div class=\"e-con-inner\">\n\t\t\t\t<div class=\"elementor-element elementor-element-dc1f1ef elementor-widget elementor-widget-heading\" data-id=\"dc1f1ef\" data-element_type=\"widget\" data-widget_type=\"heading.default\">\n\t\t\t\t<div class=\"elementor-widget-container\">\n\t\t\t\t\t<h2 class=\"elementor-heading-title elementor-size-default\">TOKYO DRIFT<\/h2>\t\t\t\t<\/div>\n\t\t\t\t<\/div>\n\t\t\t\t<div class=\"elementor-element elementor-element-7689484 elementor-widget elementor-widget-text-editor\" data-id=\"7689484\" data-element_type=\"widget\" data-widget_type=\"text-editor.default\">\n\t\t\t\t<div class=\"elementor-widget-container\">\n\t\t\t\t\t\t\t\t\t<p>Passionn\u00e9 d&#8217;automobiles depuis longtemps j&#8217;ai toujours eu de l&#8217;attrait pour la scene JDM (Le march\u00e9 Japonais). Aux gr\u00e9s de mes rencontres a Tokyo j&#8217;ai pu participer a diff\u00e9rents \u00e9v\u00e9nements dans lesquels j&#8217;ai pu faire des images.<\/p>\t\t\t\t\t\t\t\t<\/div>\n\t\t\t\t<\/div>\n\t\t\t\t\t<\/div>\n\t\t\t\t<\/div>\n\t\t<div class=\"elementor-element elementor-element-49d3e7c e-flex e-con-boxed e-con e-parent\" data-id=\"49d3e7c\" data-element_type=\"container\">\n\t\t\t\t\t<div class=\"e-con-inner\">\n\t\t<div class=\"elementor-element elementor-element-c33b65f e-con-full e-flex e-con e-child\" data-id=\"c33b65f\" data-element_type=\"container\">\n\t\t\t\t<div class=\"elementor-element elementor-element-aea4cbd elementor-widget elementor-widget-image\" data-id=\"aea4cbd\" data-element_type=\"widget\" data-widget_type=\"image.default\">\n\t\t\t\t<div class=\"elementor-widget-container\">\n\t\t\t\t\t\t\t\t\t\t\t\t\t\t\t<img fetchpriority=\"high\" decoding=\"async\" width=\"683\" height=\"1024\" src=\"https:\/\/eiikkii.fr\/wp-content\/uploads\/2025\/03\/Sortie-drift-7-2-683x1024.jpg\" class=\"attachment-large size-large wp-image-264\" alt=\"\" srcset=\"https:\/\/eiikkii.fr\/wp-content\/uploads\/2025\/03\/Sortie-drift-7-2-683x1024.jpg 683w, https:\/\/eiikkii.fr\/wp-content\/uploads\/2025\/03\/Sortie-drift-7-2-200x300.jpg 200w, https:\/\/eiikkii.fr\/wp-content\/uploads\/2025\/03\/Sortie-drift-7-2-768x1152.jpg 768w, https:\/\/eiikkii.fr\/wp-content\/uploads\/2025\/03\/Sortie-drift-7-2-1024x1536.jpg 1024w, https:\/\/eiikkii.fr\/wp-content\/uploads\/2025\/03\/Sortie-drift-7-2-scaled.jpg 1707w\" sizes=\"(max-width: 683px) 100vw, 683px\" \/>\t\t\t\t\t\t\t\t\t\t\t\t\t\t\t<\/div>\n\t\t\t\t<\/div>\n\t\t\t\t<\/div>\n\t\t<div class=\"elementor-element elementor-element-3185937 e-con-full e-flex e-con e-child\" data-id=\"3185937\" data-element_type=\"container\">\n\t\t\t\t<div class=\"elementor-element elementor-element-ffba00c elementor-widget elementor-widget-image\" data-id=\"ffba00c\" data-element_type=\"widget\" data-widget_type=\"image.default\">\n\t\t\t\t<div class=\"elementor-widget-container\">\n\t\t\t\t\t\t\t\t\t\t\t\t\t\t\t<img decoding=\"async\" width=\"683\" height=\"1024\" src=\"https:\/\/eiikkii.fr\/wp-content\/uploads\/2025\/03\/Sortie-drift-11-683x1024.jpg\" class=\"attachment-large size-large wp-image-265\" alt=\"\" srcset=\"https:\/\/eiikkii.fr\/wp-content\/uploads\/2025\/03\/Sortie-drift-11-683x1024.jpg 683w, https:\/\/eiikkii.fr\/wp-content\/uploads\/2025\/03\/Sortie-drift-11-200x300.jpg 200w, https:\/\/eiikkii.fr\/wp-content\/uploads\/2025\/03\/Sortie-drift-11-768x1152.jpg 768w, https:\/\/eiikkii.fr\/wp-content\/uploads\/2025\/03\/Sortie-drift-11-1024x1536.jpg 1024w, https:\/\/eiikkii.fr\/wp-content\/uploads\/2025\/03\/Sortie-drift-11-scaled.jpg 1707w\" sizes=\"(max-width: 683px) 100vw, 683px\" \/>\t\t\t\t\t\t\t\t\t\t\t\t\t\t\t<\/div>\n\t\t\t\t<\/div>\n\t\t\t\t<\/div>\n\t\t\t\t\t<\/div>\n\t\t\t\t<\/div>\n\t\t<div class=\"elementor-element elementor-element-6d774b3 e-flex e-con-boxed e-con e-parent\" data-id=\"6d774b3\" data-element_type=\"container\">\n\t\t\t\t\t<div class=\"e-con-inner\">\n\t\t<div class=\"elementor-element elementor-element-e06d057 e-con-full e-flex e-con e-child\" data-id=\"e06d057\" data-element_type=\"container\">\n\t\t\t\t<div class=\"elementor-element elementor-element-6942a55 elementor-widget elementor-widget-image\" data-id=\"6942a55\" data-element_type=\"widget\" data-widget_type=\"image.default\">\n\t\t\t\t<div class=\"elementor-widget-container\">\n\t\t\t\t\t\t\t\t\t\t\t\t\t\t\t<img decoding=\"async\" width=\"683\" height=\"1024\" src=\"https:\/\/eiikkii.fr\/wp-content\/uploads\/2025\/03\/Sortie-drift-13-683x1024.jpg\" class=\"attachment-large size-large wp-image-266\" alt=\"\" srcset=\"https:\/\/eiikkii.fr\/wp-content\/uploads\/2025\/03\/Sortie-drift-13-683x1024.jpg 683w, https:\/\/eiikkii.fr\/wp-content\/uploads\/2025\/03\/Sortie-drift-13-200x300.jpg 200w, https:\/\/eiikkii.fr\/wp-content\/uploads\/2025\/03\/Sortie-drift-13-768x1152.jpg 768w, https:\/\/eiikkii.fr\/wp-content\/uploads\/2025\/03\/Sortie-drift-13-1024x1536.jpg 1024w, https:\/\/eiikkii.fr\/wp-content\/uploads\/2025\/03\/Sortie-drift-13-scaled.jpg 1707w\" sizes=\"(max-width: 683px) 100vw, 683px\" \/>\t\t\t\t\t\t\t\t\t\t\t\t\t\t\t<\/div>\n\t\t\t\t<\/div>\n\t\t\t\t<\/div>\n\t\t<div class=\"elementor-element elementor-element-af32344 e-con-full e-flex e-con e-child\" data-id=\"af32344\" data-element_type=\"container\">\n\t\t\t\t<div class=\"elementor-element elementor-element-11ac3c7 elementor-widget elementor-widget-image\" data-id=\"11ac3c7\" data-element_type=\"widget\" data-widget_type=\"image.default\">\n\t\t\t\t<div class=\"elementor-widget-container\">\n\t\t\t\t\t\t\t\t\t\t\t\t\t\t\t<img loading=\"lazy\" decoding=\"async\" width=\"683\" height=\"1024\" src=\"https:\/\/eiikkii.fr\/wp-content\/uploads\/2025\/03\/Sortie-drift-21-683x1024.jpg\" class=\"attachment-large size-large wp-image-269\" alt=\"\" srcset=\"https:\/\/eiikkii.fr\/wp-content\/uploads\/2025\/03\/Sortie-drift-21-683x1024.jpg 683w, https:\/\/eiikkii.fr\/wp-content\/uploads\/2025\/03\/Sortie-drift-21-200x300.jpg 200w, https:\/\/eiikkii.fr\/wp-content\/uploads\/2025\/03\/Sortie-drift-21-768x1152.jpg 768w, https:\/\/eiikkii.fr\/wp-content\/uploads\/2025\/03\/Sortie-drift-21-1024x1536.jpg 1024w, https:\/\/eiikkii.fr\/wp-content\/uploads\/2025\/03\/Sortie-drift-21-scaled.jpg 1707w\" sizes=\"(max-width: 683px) 100vw, 683px\" \/>\t\t\t\t\t\t\t\t\t\t\t\t\t\t\t<\/div>\n\t\t\t\t<\/div>\n\t\t\t\t<\/div>\n\t\t\t\t\t<\/div>\n\t\t\t\t<\/div>\n\t\t<div class=\"elementor-element elementor-element-b1fccce e-flex e-con-boxed e-con e-parent\" data-id=\"b1fccce\" data-element_type=\"container\">\n\t\t\t\t\t<div class=\"e-con-inner\">\n\t\t<div class=\"elementor-element elementor-element-d6d8ce6 e-con-full e-flex e-con e-child\" data-id=\"d6d8ce6\" data-element_type=\"container\">\n\t\t\t\t<div class=\"elementor-element elementor-element-4b7e2d7 elementor-widget elementor-widget-image\" data-id=\"4b7e2d7\" data-element_type=\"widget\" data-widget_type=\"image.default\">\n\t\t\t\t<div class=\"elementor-widget-container\">\n\t\t\t\t\t\t\t\t\t\t\t\t\t\t\t<img loading=\"lazy\" decoding=\"async\" width=\"683\" height=\"1024\" src=\"https:\/\/eiikkii.fr\/wp-content\/uploads\/2025\/03\/Sortie-drift-6-683x1024.jpg\" class=\"attachment-large size-large wp-image-263\" alt=\"\" srcset=\"https:\/\/eiikkii.fr\/wp-content\/uploads\/2025\/03\/Sortie-drift-6-683x1024.jpg 683w, https:\/\/eiikkii.fr\/wp-content\/uploads\/2025\/03\/Sortie-drift-6-200x300.jpg 200w, https:\/\/eiikkii.fr\/wp-content\/uploads\/2025\/03\/Sortie-drift-6-768x1152.jpg 768w, https:\/\/eiikkii.fr\/wp-content\/uploads\/2025\/03\/Sortie-drift-6-1024x1536.jpg 1024w, https:\/\/eiikkii.fr\/wp-content\/uploads\/2025\/03\/Sortie-drift-6-scaled.jpg 1707w\" sizes=\"(max-width: 683px) 100vw, 683px\" \/>\t\t\t\t\t\t\t\t\t\t\t\t\t\t\t<\/div>\n\t\t\t\t<\/div>\n\t\t\t\t<\/div>\n\t\t<div class=\"elementor-element elementor-element-a118cd8 e-con-full e-flex e-con e-child\" data-id=\"a118cd8\" data-element_type=\"container\">\n\t\t\t\t<div class=\"elementor-element elementor-element-d722f68 elementor-widget elementor-widget-image\" data-id=\"d722f68\" data-element_type=\"widget\" data-widget_type=\"image.default\">\n\t\t\t\t<div class=\"elementor-widget-container\">\n\t\t\t\t\t\t\t\t\t\t\t\t\t\t\t<img loading=\"lazy\" decoding=\"async\" width=\"683\" height=\"1024\" src=\"https:\/\/eiikkii.fr\/wp-content\/uploads\/2025\/03\/Sortie-drift-23-683x1024.jpg\" class=\"attachment-large size-large wp-image-270\" alt=\"\" srcset=\"https:\/\/eiikkii.fr\/wp-content\/uploads\/2025\/03\/Sortie-drift-23-683x1024.jpg 683w, https:\/\/eiikkii.fr\/wp-content\/uploads\/2025\/03\/Sortie-drift-23-200x300.jpg 200w, https:\/\/eiikkii.fr\/wp-content\/uploads\/2025\/03\/Sortie-drift-23-768x1152.jpg 768w, https:\/\/eiikkii.fr\/wp-content\/uploads\/2025\/03\/Sortie-drift-23-1024x1536.jpg 1024w, https:\/\/eiikkii.fr\/wp-content\/uploads\/2025\/03\/Sortie-drift-23-scaled.jpg 1707w\" sizes=\"(max-width: 683px) 100vw, 683px\" \/>\t\t\t\t\t\t\t\t\t\t\t\t\t\t\t<\/div>\n\t\t\t\t<\/div>\n\t\t\t\t<\/div>\n\t\t\t\t\t<\/div>\n\t\t\t\t<\/div>\n\t\t<div class=\"elementor-element elementor-element-1aac0de e-flex e-con-boxed e-con e-parent\" data-id=\"1aac0de\" data-element_type=\"container\">\n\t\t\t\t\t<div class=\"e-con-inner\">\n\t\t<div class=\"elementor-element elementor-element-1055bf4 e-con-full e-flex e-con e-child\" data-id=\"1055bf4\" data-element_type=\"container\">\n\t\t\t\t<div class=\"elementor-element elementor-element-ad5603a elementor-widget elementor-widget-image\" data-id=\"ad5603a\" data-element_type=\"widget\" data-widget_type=\"image.default\">\n\t\t\t\t<div class=\"elementor-widget-container\">\n\t\t\t\t\t\t\t\t\t\t\t\t\t\t\t<img loading=\"lazy\" decoding=\"async\" width=\"800\" height=\"534\" src=\"https:\/\/eiikkii.fr\/wp-content\/uploads\/2025\/03\/Sortie-drift-5-1024x683.jpg\" class=\"attachment-large size-large wp-image-262\" alt=\"\" srcset=\"https:\/\/eiikkii.fr\/wp-content\/uploads\/2025\/03\/Sortie-drift-5-1024x683.jpg 1024w, https:\/\/eiikkii.fr\/wp-content\/uploads\/2025\/03\/Sortie-drift-5-300x200.jpg 300w, https:\/\/eiikkii.fr\/wp-content\/uploads\/2025\/03\/Sortie-drift-5-768x512.jpg 768w, https:\/\/eiikkii.fr\/wp-content\/uploads\/2025\/03\/Sortie-drift-5-1536x1024.jpg 1536w, https:\/\/eiikkii.fr\/wp-content\/uploads\/2025\/03\/Sortie-drift-5-2048x1365.jpg 2048w\" sizes=\"(max-width: 800px) 100vw, 800px\" \/>\t\t\t\t\t\t\t\t\t\t\t\t\t\t\t<\/div>\n\t\t\t\t<\/div>\n\t\t\t\t<\/div>\n\t\t<div class=\"elementor-element elementor-element-06dd541 e-con-full e-flex e-con e-child\" data-id=\"06dd541\" data-element_type=\"container\">\n\t\t\t\t<div class=\"elementor-element elementor-element-aef9e7b elementor-widget elementor-widget-image\" data-id=\"aef9e7b\" data-element_type=\"widget\" data-widget_type=\"image.default\">\n\t\t\t\t<div class=\"elementor-widget-container\">\n\t\t\t\t\t\t\t\t\t\t\t\t\t\t\t<img loading=\"lazy\" decoding=\"async\" width=\"800\" height=\"534\" src=\"https:\/\/eiikkii.fr\/wp-content\/uploads\/2025\/03\/Sortie-drift-30-1024x683.jpg\" class=\"attachment-large size-large wp-image-273\" alt=\"\" srcset=\"https:\/\/eiikkii.fr\/wp-content\/uploads\/2025\/03\/Sortie-drift-30-1024x683.jpg 1024w, https:\/\/eiikkii.fr\/wp-content\/uploads\/2025\/03\/Sortie-drift-30-300x200.jpg 300w, https:\/\/eiikkii.fr\/wp-content\/uploads\/2025\/03\/Sortie-drift-30-768x512.jpg 768w, https:\/\/eiikkii.fr\/wp-content\/uploads\/2025\/03\/Sortie-drift-30-1536x1024.jpg 1536w\" sizes=\"(max-width: 800px) 100vw, 800px\" \/>\t\t\t\t\t\t\t\t\t\t\t\t\t\t\t<\/div>\n\t\t\t\t<\/div>\n\t\t\t\t<\/div>\n\t\t\t\t\t<\/div>\n\t\t\t\t<\/div>\n\t\t\t\t<\/div>\n\t\t","protected":false},"excerpt":{"rendered":"<p>TOKYO DRIFT Passionn\u00e9 d&#8217;automobiles depuis longtemps j&#8217;ai toujours eu de l&#8217;attrait pour la scene JDM (Le march\u00e9 Japonais). Aux gr\u00e9s de mes rencontres a Tokyo j&#8217;ai pu participer a diff\u00e9rents \u00e9v\u00e9nements dans lesquels j&#8217;ai pu faire des images.<\/p>\n","protected":false},"author":1,"featured_media":262,"parent":0,"menu_order":0,"comment_status":"closed","ping_status":"closed","template":"","meta":{"footnotes":""},"class_list":["post-408","page","type-page","status-publish","has-post-thumbnail","hentry"],"yoast_head":"<!-- This site is optimized with the Yoast SEO plugin v24.6 - https:\/\/yoast.com\/wordpress\/plugins\/seo\/ -->\n<title>Tokyo Drift - Eiikkii<\/title>\n<meta name=\"robots\" content=\"index, follow, max-snippet:-1, max-image-preview:large, max-video-preview:-1\" \/>\n<link rel=\"canonical\" href=\"https:\/\/eiikkii.fr\/index.php\/tokyo-drift\/\" \/>\n<meta property=\"og:locale\" content=\"en_US\" \/>\n<meta property=\"og:type\" content=\"article\" \/>\n<meta property=\"og:title\" content=\"Tokyo Drift - Eiikkii\" \/>\n<meta property=\"og:description\" content=\"TOKYO DRIFT Passionn\u00e9 d&#8217;automobiles depuis longtemps j&#8217;ai toujours eu de l&#8217;attrait pour la scene JDM (Le march\u00e9 Japonais). Aux gr\u00e9s de mes rencontres a Tokyo j&#8217;ai pu participer a diff\u00e9rents \u00e9v\u00e9nements dans lesquels j&#8217;ai pu faire des images.\" \/>\n<meta property=\"og:url\" content=\"https:\/\/eiikkii.fr\/index.php\/tokyo-drift\/\" \/>\n<meta property=\"og:site_name\" content=\"Eiikkii\" \/>\n<meta property=\"article:modified_time\" content=\"2025-03-16T17:08:57+00:00\" \/>\n<meta property=\"og:image\" content=\"http:\/\/eiikkii.fr\/wp-content\/uploads\/2025\/03\/Sortie-drift-5-scaled.jpg\" \/>\n\t<meta property=\"og:image:width\" content=\"2560\" \/>\n\t<meta property=\"og:image:height\" content=\"1706\" \/>\n\t<meta property=\"og:image:type\" content=\"image\/jpeg\" \/>\n<meta name=\"twitter:card\" content=\"summary_large_image\" \/>\n<meta name=\"twitter:label1\" content=\"Est. reading time\" \/>\n\t<meta name=\"twitter:data1\" content=\"2 minutes\" \/>\n<script type=\"application\/ld+json\" class=\"yoast-schema-graph\">{\"@context\":\"https:\/\/schema.org\",\"@graph\":[{\"@type\":\"WebPage\",\"@id\":\"https:\/\/eiikkii.fr\/index.php\/tokyo-drift\/\",\"url\":\"https:\/\/eiikkii.fr\/index.php\/tokyo-drift\/\",\"name\":\"Tokyo Drift - Eiikkii\",\"isPartOf\":{\"@id\":\"https:\/\/eiikkii.fr\/#website\"},\"primaryImageOfPage\":{\"@id\":\"https:\/\/eiikkii.fr\/index.php\/tokyo-drift\/#primaryimage\"},\"image\":{\"@id\":\"https:\/\/eiikkii.fr\/index.php\/tokyo-drift\/#primaryimage\"},\"thumbnailUrl\":\"https:\/\/eiikkii.fr\/wp-content\/uploads\/2025\/03\/Sortie-drift-5-scaled.jpg\",\"datePublished\":\"2025-03-16T17:00:46+00:00\",\"dateModified\":\"2025-03-16T17:08:57+00:00\",\"breadcrumb\":{\"@id\":\"https:\/\/eiikkii.fr\/index.php\/tokyo-drift\/#breadcrumb\"},\"inLanguage\":\"en-US\",\"potentialAction\":[{\"@type\":\"ReadAction\",\"target\":[\"https:\/\/eiikkii.fr\/index.php\/tokyo-drift\/\"]}]},{\"@type\":\"ImageObject\",\"inLanguage\":\"en-US\",\"@id\":\"https:\/\/eiikkii.fr\/index.php\/tokyo-drift\/#primaryimage\",\"url\":\"https:\/\/eiikkii.fr\/wp-content\/uploads\/2025\/03\/Sortie-drift-5-scaled.jpg\",\"contentUrl\":\"https:\/\/eiikkii.fr\/wp-content\/uploads\/2025\/03\/Sortie-drift-5-scaled.jpg\",\"width\":2560,\"height\":1706},{\"@type\":\"BreadcrumbList\",\"@id\":\"https:\/\/eiikkii.fr\/index.php\/tokyo-drift\/#breadcrumb\",\"itemListElement\":[{\"@type\":\"ListItem\",\"position\":1,\"name\":\"Accueil\",\"item\":\"https:\/\/eiikkii.fr\/\"},{\"@type\":\"ListItem\",\"position\":2,\"name\":\"Tokyo Drift\"}]},{\"@type\":\"WebSite\",\"@id\":\"https:\/\/eiikkii.fr\/#website\",\"url\":\"https:\/\/eiikkii.fr\/\",\"name\":\"Eiikkii\",\"description\":\"Un site utilisant WordPress\",\"publisher\":{\"@id\":\"https:\/\/eiikkii.fr\/#organization\"},\"potentialAction\":[{\"@type\":\"SearchAction\",\"target\":{\"@type\":\"EntryPoint\",\"urlTemplate\":\"https:\/\/eiikkii.fr\/?s={search_term_string}\"},\"query-input\":{\"@type\":\"PropertyValueSpecification\",\"valueRequired\":true,\"valueName\":\"search_term_string\"}}],\"inLanguage\":\"en-US\"},{\"@type\":\"Organization\",\"@id\":\"https:\/\/eiikkii.fr\/#organization\",\"name\":\"Eiikkii\",\"url\":\"https:\/\/eiikkii.fr\/\",\"logo\":{\"@type\":\"ImageObject\",\"inLanguage\":\"en-US\",\"@id\":\"https:\/\/eiikkii.fr\/#\/schema\/logo\/image\/\",\"url\":\"https:\/\/eiikkii.fr\/wp-content\/uploads\/2025\/03\/LOGO.jpg\",\"contentUrl\":\"https:\/\/eiikkii.fr\/wp-content\/uploads\/2025\/03\/LOGO.jpg\",\"width\":500,\"height\":281,\"caption\":\"Eiikkii\"},\"image\":{\"@id\":\"https:\/\/eiikkii.fr\/#\/schema\/logo\/image\/\"},\"sameAs\":[\"https:\/\/www.instagram.com\/eiikkii\/\",\"https:\/\/www.youtube.com\/@eiikkiii\"]}]}<\/script>\n<!-- \/ Yoast SEO plugin. -->","yoast_head_json":{"title":"Tokyo Drift - Eiikkii","robots":{"index":"index","follow":"follow","max-snippet":"max-snippet:-1","max-image-preview":"max-image-preview:large","max-video-preview":"max-video-preview:-1"},"canonical":"https:\/\/eiikkii.fr\/index.php\/tokyo-drift\/","og_locale":"en_US","og_type":"article","og_title":"Tokyo Drift - Eiikkii","og_description":"TOKYO DRIFT Passionn\u00e9 d&#8217;automobiles depuis longtemps j&#8217;ai toujours eu de l&#8217;attrait pour la scene JDM (Le march\u00e9 Japonais). Aux gr\u00e9s de mes rencontres a Tokyo j&#8217;ai pu participer a diff\u00e9rents \u00e9v\u00e9nements dans lesquels j&#8217;ai pu faire des images.","og_url":"https:\/\/eiikkii.fr\/index.php\/tokyo-drift\/","og_site_name":"Eiikkii","article_modified_time":"2025-03-16T17:08:57+00:00","og_image":[{"width":2560,"height":1706,"url":"http:\/\/eiikkii.fr\/wp-content\/uploads\/2025\/03\/Sortie-drift-5-scaled.jpg","type":"image\/jpeg"}],"twitter_card":"summary_large_image","twitter_misc":{"Est. reading time":"2 minutes"},"schema":{"@context":"https:\/\/schema.org","@graph":[{"@type":"WebPage","@id":"https:\/\/eiikkii.fr\/index.php\/tokyo-drift\/","url":"https:\/\/eiikkii.fr\/index.php\/tokyo-drift\/","name":"Tokyo Drift - Eiikkii","isPartOf":{"@id":"https:\/\/eiikkii.fr\/#website"},"primaryImageOfPage":{"@id":"https:\/\/eiikkii.fr\/index.php\/tokyo-drift\/#primaryimage"},"image":{"@id":"https:\/\/eiikkii.fr\/index.php\/tokyo-drift\/#primaryimage"},"thumbnailUrl":"https:\/\/eiikkii.fr\/wp-content\/uploads\/2025\/03\/Sortie-drift-5-scaled.jpg","datePublished":"2025-03-16T17:00:46+00:00","dateModified":"2025-03-16T17:08:57+00:00","breadcrumb":{"@id":"https:\/\/eiikkii.fr\/index.php\/tokyo-drift\/#breadcrumb"},"inLanguage":"en-US","potentialAction":[{"@type":"ReadAction","target":["https:\/\/eiikkii.fr\/index.php\/tokyo-drift\/"]}]},{"@type":"ImageObject","inLanguage":"en-US","@id":"https:\/\/eiikkii.fr\/index.php\/tokyo-drift\/#primaryimage","url":"https:\/\/eiikkii.fr\/wp-content\/uploads\/2025\/03\/Sortie-drift-5-scaled.jpg","contentUrl":"https:\/\/eiikkii.fr\/wp-content\/uploads\/2025\/03\/Sortie-drift-5-scaled.jpg","width":2560,"height":1706},{"@type":"BreadcrumbList","@id":"https:\/\/eiikkii.fr\/index.php\/tokyo-drift\/#breadcrumb","itemListElement":[{"@type":"ListItem","position":1,"name":"Accueil","item":"https:\/\/eiikkii.fr\/"},{"@type":"ListItem","position":2,"name":"Tokyo Drift"}]},{"@type":"WebSite","@id":"https:\/\/eiikkii.fr\/#website","url":"https:\/\/eiikkii.fr\/","name":"Eiikkii","description":"Un site utilisant WordPress","publisher":{"@id":"https:\/\/eiikkii.fr\/#organization"},"potentialAction":[{"@type":"SearchAction","target":{"@type":"EntryPoint","urlTemplate":"https:\/\/eiikkii.fr\/?s={search_term_string}"},"query-input":{"@type":"PropertyValueSpecification","valueRequired":true,"valueName":"search_term_string"}}],"inLanguage":"en-US"},{"@type":"Organization","@id":"https:\/\/eiikkii.fr\/#organization","name":"Eiikkii","url":"https:\/\/eiikkii.fr\/","logo":{"@type":"ImageObject","inLanguage":"en-US","@id":"https:\/\/eiikkii.fr\/#\/schema\/logo\/image\/","url":"https:\/\/eiikkii.fr\/wp-content\/uploads\/2025\/03\/LOGO.jpg","contentUrl":"https:\/\/eiikkii.fr\/wp-content\/uploads\/2025\/03\/LOGO.jpg","width":500,"height":281,"caption":"Eiikkii"},"image":{"@id":"https:\/\/eiikkii.fr\/#\/schema\/logo\/image\/"},"sameAs":["https:\/\/www.instagram.com\/eiikkii\/","https:\/\/www.youtube.com\/@eiikkiii"]}]}},"_links":{"self":[{"href":"https:\/\/eiikkii.fr\/index.php\/wp-json\/wp\/v2\/pages\/408","targetHints":{"allow":["GET"]}}],"collection":[{"href":"https:\/\/eiikkii.fr\/index.php\/wp-json\/wp\/v2\/pages"}],"about":[{"href":"https:\/\/eiikkii.fr\/index.php\/wp-json\/wp\/v2\/types\/page"}],"author":[{"embeddable":true,"href":"https:\/\/eiikkii.fr\/index.php\/wp-json\/wp\/v2\/users\/1"}],"replies":[{"embeddable":true,"href":"https:\/\/eiikkii.fr\/index.php\/wp-json\/wp\/v2\/comments?post=408"}],"version-history":[{"count":7,"href":"https:\/\/eiikkii.fr\/index.php\/wp-json\/wp\/v2\/pages\/408\/revisions"}],"predecessor-version":[{"id":416,"href":"https:\/\/eiikkii.fr\/index.php\/wp-json\/wp\/v2\/pages\/408\/revisions\/416"}],"wp:featuredmedia":[{"embeddable":true,"href":"https:\/\/eiikkii.fr\/index.php\/wp-json\/wp\/v2\/media\/262"}],"wp:attachment":[{"href":"https:\/\/eiikkii.fr\/index.php\/wp-json\/wp\/v2\/media?parent=408"}],"curies":[{"name":"wp","href":"https:\/\/api.w.org\/{rel}","templated":true}]}}