{"id":50,"date":"2025-03-14T15:37:58","date_gmt":"2025-03-14T14:37:58","guid":{"rendered":"https:\/\/eiikkii.fr\/?page_id=50"},"modified":"2025-11-10T18:51:33","modified_gmt":"2025-11-10T17:51:33","slug":"about-me","status":"publish","type":"page","link":"https:\/\/eiikkii.fr\/index.php\/about-me\/","title":{"rendered":"About me"},"content":{"rendered":"\t\t<div data-elementor-type=\"wp-page\" data-elementor-id=\"50\" class=\"elementor elementor-50\" data-elementor-post-type=\"page\">\n\t\t\t\t<div class=\"elementor-element elementor-element-e2fa00d e-flex e-con-boxed e-con e-parent\" data-id=\"e2fa00d\" data-element_type=\"container\">\n\t\t\t\t\t<div class=\"e-con-inner\">\n\t\t<div class=\"elementor-element elementor-element-3d697c6 e-con-full e-flex e-con e-child\" data-id=\"3d697c6\" data-element_type=\"container\">\n\t\t\t\t<div class=\"elementor-element elementor-element-b9f46a8 elementor-widget elementor-widget-heading\" data-id=\"b9f46a8\" data-element_type=\"widget\" data-widget_type=\"heading.default\">\n\t\t\t\t<div class=\"elementor-widget-container\">\n\t\t\t\t\t<h2 class=\"elementor-heading-title elementor-size-default\">Qui je suis?<\/h2>\t\t\t\t<\/div>\n\t\t\t\t<\/div>\n\t\t\t\t<div class=\"elementor-element elementor-element-34ec673 elementor-widget elementor-widget-text-editor\" data-id=\"34ec673\" data-element_type=\"widget\" data-widget_type=\"text-editor.default\">\n\t\t\t\t<div class=\"elementor-widget-container\">\n\t\t\t\t\t\t\t\t\t<p>\u00a0<\/p><p>Ma passion pour la photo est n\u00e9e en arpentant les mus\u00e9es et expositions des grands photojournalistes de Magnum. Leurs images m\u2019ont donn\u00e9 envie de raconter le monde \u00e0 travers mon objectif.<br \/>Curieux et passionn\u00e9 de l&#8217;image et sa puissance aussi \u00e0 travers l&#8217;imagerie Punk des ann\u00e9es 90 et ses noirs et blancs puissants. J&#8217;ai commencer la photo professionnelle, par la photo d&#8217;\u00e9v\u00e9nements et concerts. Printemps de Bourges ou encore Festival de Dours et artistes fran\u00e7ais et internationaux de diff\u00e9rentes envergures.<\/p><p>Au fils des ans et de ma carri\u00e9re la video s&#8217;est joint aux competences que je vous propose d\u00e9sormais , ma cam\u00e9ra m&#8217;accompagnant pendant mes voyages et pour la r\u00e9alisation de clip vid\u00e9o.<\/p><p>Revenant d&#8217;une ann\u00e9e au Japon o\u00f9 j&#8217;ai pu travailler sur des projets personnelle et aupr\u00e8s d&#8217;influenceurs et particuliers\u00a0 telle qu&#8217;Annatitude pour ses cadrages de son podcast Tokyo Talk ou Natoo et Mitsugi pour leurs r\u00e9seaux sociaux. Je suis d\u00e9sormais de retour en France avec un nouveau bagage en Image et une envie de proposer un peu de mon regard entre Japon et France pour mes futurs clients. Tout cela que ce soit en photos , cadrages ou vid\u00e9o et montages.<\/p><p>Mes univers allant des plus modernes aux plus personnelles avec le Cyberpunk des n\u00e9ons asiatiques faisant partie de ma direction artistique aux for\u00e9ts , lacs, montagnes et chateau europ\u00e9ens pour un bond dans la Fantasy.\u00a0<\/p>\t\t\t\t\t\t\t\t<\/div>\n\t\t\t\t<\/div>\n\t\t\t\t<\/div>\n\t\t<div class=\"elementor-element elementor-element-adff72e e-con-full e-flex e-con e-child\" data-id=\"adff72e\" data-element_type=\"container\">\n\t\t\t\t<div class=\"elementor-element elementor-element-b21c99e elementor--h-position-center elementor--v-position-middle elementor-arrows-position-inside elementor-pagination-position-inside elementor-widget elementor-widget-slides\" data-id=\"b21c99e\" data-element_type=\"widget\" data-settings=\"{&quot;navigation&quot;:&quot;both&quot;,&quot;autoplay&quot;:&quot;yes&quot;,&quot;pause_on_hover&quot;:&quot;yes&quot;,&quot;pause_on_interaction&quot;:&quot;yes&quot;,&quot;autoplay_speed&quot;:5000,&quot;infinite&quot;:&quot;yes&quot;,&quot;transition&quot;:&quot;slide&quot;,&quot;transition_speed&quot;:500}\" data-widget_type=\"slides.default\">\n\t\t\t\t<div class=\"elementor-widget-container\">\n\t\t\t\t\t\t\t\t\t<div class=\"elementor-swiper\">\n\t\t\t\t\t<div class=\"elementor-slides-wrapper elementor-main-swiper swiper\" role=\"region\" aria-roledescription=\"carousel\" aria-label=\"Slides\" dir=\"ltr\" data-animation=\"fadeInUp\">\n\t\t\t\t<div class=\"swiper-wrapper elementor-slides\">\n\t\t\t\t\t\t\t\t\t\t<div class=\"elementor-repeater-item-9991622 swiper-slide\" role=\"group\" aria-roledescription=\"slide\"><div class=\"swiper-slide-bg\" role=\"img\"><\/div><div class=\"swiper-slide-inner\" ><div class=\"swiper-slide-contents\"><\/div><\/div><\/div><div class=\"elementor-repeater-item-97a8cb7 swiper-slide\" role=\"group\" aria-roledescription=\"slide\"><div class=\"swiper-slide-bg\" role=\"img\"><\/div><div class=\"swiper-slide-inner\" ><div class=\"swiper-slide-contents\"><\/div><\/div><\/div><div class=\"elementor-repeater-item-7d410ea swiper-slide\" role=\"group\" aria-roledescription=\"slide\"><div class=\"swiper-slide-bg\" role=\"img\"><\/div><div class=\"swiper-slide-inner\" ><div class=\"swiper-slide-contents\"><\/div><\/div><\/div>\t\t\t\t<\/div>\n\t\t\t\t\t\t\t\t\t\t\t\t\t\t\t<div class=\"elementor-swiper-button elementor-swiper-button-prev\" role=\"button\" tabindex=\"0\" aria-label=\"Previous slide\">\n\t\t\t\t\t\t\t<svg aria-hidden=\"true\" class=\"e-font-icon-svg e-eicon-chevron-left\" viewBox=\"0 0 1000 1000\" xmlns=\"http:\/\/www.w3.org\/2000\/svg\"><path d=\"M646 125C629 125 613 133 604 142L308 442C296 454 292 471 292 487 292 504 296 521 308 533L604 854C617 867 629 875 646 875 663 875 679 871 692 858 704 846 713 829 713 812 713 796 708 779 692 767L438 487 692 225C700 217 708 204 708 187 708 171 704 154 692 142 675 129 663 125 646 125Z\"><\/path><\/svg>\t\t\t\t\t\t<\/div>\n\t\t\t\t\t\t<div class=\"elementor-swiper-button elementor-swiper-button-next\" role=\"button\" tabindex=\"0\" aria-label=\"Next slide\">\n\t\t\t\t\t\t\t<svg aria-hidden=\"true\" class=\"e-font-icon-svg e-eicon-chevron-right\" viewBox=\"0 0 1000 1000\" xmlns=\"http:\/\/www.w3.org\/2000\/svg\"><path d=\"M696 533C708 521 713 504 713 487 713 471 708 454 696 446L400 146C388 133 375 125 354 125 338 125 325 129 313 142 300 154 292 171 292 187 292 204 296 221 308 233L563 492 304 771C292 783 288 800 288 817 288 833 296 850 308 863 321 871 338 875 354 875 371 875 388 867 400 854L696 533Z\"><\/path><\/svg>\t\t\t\t\t\t<\/div>\n\t\t\t\t\t\t\t\t\t\t\t\t\t\t\t\t<div class=\"swiper-pagination\"><\/div>\n\t\t\t\t\t\t\t\t\t\t\t\t<\/div>\n\t\t\t\t<\/div>\n\t\t\t\t\t\t\t\t<\/div>\n\t\t\t\t<\/div>\n\t\t\t\t<\/div>\n\t\t\t\t\t<\/div>\n\t\t\t\t<\/div>\n\t\t<div class=\"elementor-element elementor-element-54cb31c e-flex e-con-boxed e-con e-parent\" data-id=\"54cb31c\" data-element_type=\"container\">\n\t\t\t\t\t<div class=\"e-con-inner\">\n\t\t\t\t<div class=\"elementor-element elementor-element-c189bde elementor-widget elementor-widget-heading\" data-id=\"c189bde\" data-element_type=\"widget\" data-widget_type=\"heading.default\">\n\t\t\t\t<div class=\"elementor-widget-container\">\n\t\t\t\t\t<h2 class=\"elementor-heading-title elementor-size-default\"><a href=\"https:\/\/eiikkii.fr\/index.php\/tarifs\/\">&gt; Si tu es un particulier, cliques ici tu auras toutes les infos que tu recherches pour ton futur shooting - tarifs<\/a><\/h2>\t\t\t\t<\/div>\n\t\t\t\t<\/div>\n\t\t\t\t\t<\/div>\n\t\t\t\t<\/div>\n\t\t<div class=\"elementor-element elementor-element-1b67160 e-flex e-con-boxed e-con e-parent\" data-id=\"1b67160\" data-element_type=\"container\">\n\t\t\t\t\t<div class=\"e-con-inner\">\n\t\t\t\t<div class=\"elementor-element elementor-element-c708d54 elementor-widget elementor-widget-heading\" data-id=\"c708d54\" data-element_type=\"widget\" data-widget_type=\"heading.default\">\n\t\t\t\t<div class=\"elementor-widget-container\">\n\t\t\t\t\t<h2 class=\"elementor-heading-title elementor-size-default\">&gt;Si tu es un professionnel\/le, ou une marque qui souhaites des photos pour les r\u00e9seaux sociaux ou encore un artiste ou streamer ayant besoin d'un PRESSPACK,\n\u00e9cris moi un petit mail avec toutes tes attentes\n<\/h2>\t\t\t\t<\/div>\n\t\t\t\t<\/div>\n\t\t\t\t\t<\/div>\n\t\t\t\t<\/div>\n\t\t<div class=\"elementor-element elementor-element-88ae47e e-flex e-con-boxed e-con e-parent\" data-id=\"88ae47e\" data-element_type=\"container\">\n\t\t\t\t\t<div class=\"e-con-inner\">\n\t\t\t\t<div class=\"elementor-element elementor-element-442c258 elementor-widget elementor-widget-heading\" data-id=\"442c258\" data-element_type=\"widget\" data-widget_type=\"heading.default\">\n\t\t\t\t<div class=\"elementor-widget-container\">\n\t\t\t\t\t<h2 class=\"elementor-heading-title elementor-size-default\">Vous pouvez me contacter \u00e0 cette adresse : Eiikkii.contact@gmail.com<\/h2>\t\t\t\t<\/div>\n\t\t\t\t<\/div>\n\t\t\t\t\t<\/div>\n\t\t\t\t<\/div>\n\t\t<div class=\"elementor-element elementor-element-37b784b e-flex e-con-boxed e-con e-parent\" data-id=\"37b784b\" data-element_type=\"container\">\n\t\t\t\t\t<div class=\"e-con-inner\">\n\t\t\t\t<div class=\"elementor-element elementor-element-2453cc3 elementor-button-align-stretch elementor-widget elementor-widget-form\" data-id=\"2453cc3\" data-element_type=\"widget\" data-settings=\"{&quot;step_next_label&quot;:&quot;Next&quot;,&quot;step_previous_label&quot;:&quot;Previous&quot;,&quot;button_width&quot;:&quot;100&quot;,&quot;step_type&quot;:&quot;number_text&quot;,&quot;step_icon_shape&quot;:&quot;circle&quot;}\" data-widget_type=\"form.default\">\n\t\t\t\t<div class=\"elementor-widget-container\">\n\t\t\t\t\t\t\t<form class=\"elementor-form\" method=\"post\" name=\"New Form\">\n\t\t\t<input type=\"hidden\" name=\"post_id\" value=\"50\"\/>\n\t\t\t<input type=\"hidden\" name=\"form_id\" value=\"2453cc3\"\/>\n\t\t\t<input type=\"hidden\" name=\"referer_title\" value=\"About me - Eiikkii\" \/>\n\n\t\t\t\t\t\t\t<input type=\"hidden\" name=\"queried_id\" value=\"50\"\/>\n\t\t\t\n\t\t\t<div class=\"elementor-form-fields-wrapper elementor-labels-above\">\n\t\t\t\t\t\t\t\t<div class=\"elementor-field-type-text elementor-field-group elementor-column elementor-field-group-name elementor-col-100\">\n\t\t\t\t\t\t\t\t\t\t\t\t<label for=\"form-field-name\" class=\"elementor-field-label\">\n\t\t\t\t\t\t\t\tName\/Nom\t\t\t\t\t\t\t<\/label>\n\t\t\t\t\t\t\t\t\t\t\t\t\t\t<input size=\"1\" type=\"text\" name=\"form_fields[name]\" id=\"form-field-name\" class=\"elementor-field elementor-size-md  elementor-field-textual\" placeholder=\"Name\">\n\t\t\t\t\t\t\t\t\t\t\t<\/div>\n\t\t\t\t\t\t\t\t<div class=\"elementor-field-type-email elementor-field-group elementor-column elementor-field-group-email elementor-col-100 elementor-field-required\">\n\t\t\t\t\t\t\t\t\t\t\t\t<label for=\"form-field-email\" class=\"elementor-field-label\">\n\t\t\t\t\t\t\t\tEmail\t\t\t\t\t\t\t<\/label>\n\t\t\t\t\t\t\t\t\t\t\t\t\t\t<input size=\"1\" type=\"email\" name=\"form_fields[email]\" id=\"form-field-email\" class=\"elementor-field elementor-size-md  elementor-field-textual\" placeholder=\"Email\" required=\"required\">\n\t\t\t\t\t\t\t\t\t\t\t<\/div>\n\t\t\t\t\t\t\t\t<div class=\"elementor-field-type-textarea elementor-field-group elementor-column elementor-field-group-message elementor-col-100\">\n\t\t\t\t\t\t\t\t\t\t\t\t<label for=\"form-field-message\" class=\"elementor-field-label\">\n\t\t\t\t\t\t\t\tMessage\t\t\t\t\t\t\t<\/label>\n\t\t\t\t\t\t<textarea class=\"elementor-field-textual elementor-field  elementor-size-md\" name=\"form_fields[message]\" id=\"form-field-message\" rows=\"4\" placeholder=\"Message\"><\/textarea>\t\t\t\t<\/div>\n\t\t\t\t\t\t\t\t<div class=\"elementor-field-group elementor-column elementor-field-type-submit elementor-col-100 e-form__buttons\">\n\t\t\t\t\t<button class=\"elementor-button elementor-size-sm\" type=\"submit\">\n\t\t\t\t\t\t<span class=\"elementor-button-content-wrapper\">\n\t\t\t\t\t\t\t\t\t\t\t\t\t\t\t\t\t\t\t\t\t\t<span class=\"elementor-button-text\">Contact<\/span>\n\t\t\t\t\t\t\t\t\t\t\t\t\t<\/span>\n\t\t\t\t\t<\/button>\n\t\t\t\t<\/div>\n\t\t\t<\/div>\n\t\t<\/form>\n\t\t\t\t\t\t<\/div>\n\t\t\t\t<\/div>\n\t\t\t\t\t<\/div>\n\t\t\t\t<\/div>\n\t\t\t\t<\/div>\n\t\t","protected":false},"excerpt":{"rendered":"<p>Qui je suis? \u00a0 Ma passion pour la photo est n\u00e9e en arpentant les mus\u00e9es et expositions des grands photojournalistes de Magnum. Leurs images m\u2019ont donn\u00e9 envie de raconter le monde \u00e0 travers mon objectif.Curieux et passionn\u00e9 de l&#8217;image et sa puissance aussi \u00e0 travers l&#8217;imagerie Punk des ann\u00e9es 90 et ses noirs et blancs [&hellip;]<\/p>\n","protected":false},"author":1,"featured_media":96,"parent":0,"menu_order":0,"comment_status":"closed","ping_status":"closed","template":"","meta":{"footnotes":""},"class_list":["post-50","page","type-page","status-publish","has-post-thumbnail","hentry"],"yoast_head":"<!-- This site is optimized with the Yoast SEO plugin v24.6 - https:\/\/yoast.com\/wordpress\/plugins\/seo\/ -->\n<title>About me - Eiikkii<\/title>\n<meta name=\"robots\" content=\"index, follow, max-snippet:-1, max-image-preview:large, max-video-preview:-1\" \/>\n<link rel=\"canonical\" href=\"https:\/\/eiikkii.fr\/index.php\/about-me\/\" \/>\n<meta property=\"og:locale\" content=\"en_US\" \/>\n<meta property=\"og:type\" content=\"article\" \/>\n<meta property=\"og:title\" content=\"About me - Eiikkii\" \/>\n<meta property=\"og:description\" content=\"Qui je suis? \u00a0 Ma passion pour la photo est n\u00e9e en arpentant les mus\u00e9es et expositions des grands photojournalistes de Magnum. Leurs images m\u2019ont donn\u00e9 envie de raconter le monde \u00e0 travers mon objectif.Curieux et passionn\u00e9 de l&#8217;image et sa puissance aussi \u00e0 travers l&#8217;imagerie Punk des ann\u00e9es 90 et ses noirs et blancs [&hellip;]\" \/>\n<meta property=\"og:url\" content=\"https:\/\/eiikkii.fr\/index.php\/about-me\/\" \/>\n<meta property=\"og:site_name\" content=\"Eiikkii\" \/>\n<meta property=\"article:modified_time\" content=\"2025-11-10T17:51:33+00:00\" \/>\n<meta property=\"og:image\" content=\"http:\/\/eiikkii.fr\/wp-content\/uploads\/2025\/03\/MD_4089-copie-scaled.jpg\" \/>\n\t<meta property=\"og:image:width\" content=\"1707\" \/>\n\t<meta property=\"og:image:height\" content=\"2560\" \/>\n\t<meta property=\"og:image:type\" content=\"image\/jpeg\" \/>\n<meta name=\"twitter:card\" content=\"summary_large_image\" \/>\n<meta name=\"twitter:label1\" content=\"Est. reading time\" \/>\n\t<meta name=\"twitter:data1\" content=\"2 minutes\" \/>\n<script type=\"application\/ld+json\" class=\"yoast-schema-graph\">{\"@context\":\"https:\/\/schema.org\",\"@graph\":[{\"@type\":\"WebPage\",\"@id\":\"https:\/\/eiikkii.fr\/index.php\/about-me\/\",\"url\":\"https:\/\/eiikkii.fr\/index.php\/about-me\/\",\"name\":\"About me - Eiikkii\",\"isPartOf\":{\"@id\":\"https:\/\/eiikkii.fr\/#website\"},\"primaryImageOfPage\":{\"@id\":\"https:\/\/eiikkii.fr\/index.php\/about-me\/#primaryimage\"},\"image\":{\"@id\":\"https:\/\/eiikkii.fr\/index.php\/about-me\/#primaryimage\"},\"thumbnailUrl\":\"https:\/\/eiikkii.fr\/wp-content\/uploads\/2025\/03\/MD_4089-copie-scaled.jpg\",\"datePublished\":\"2025-03-14T14:37:58+00:00\",\"dateModified\":\"2025-11-10T17:51:33+00:00\",\"breadcrumb\":{\"@id\":\"https:\/\/eiikkii.fr\/index.php\/about-me\/#breadcrumb\"},\"inLanguage\":\"en-US\",\"potentialAction\":[{\"@type\":\"ReadAction\",\"target\":[\"https:\/\/eiikkii.fr\/index.php\/about-me\/\"]}]},{\"@type\":\"ImageObject\",\"inLanguage\":\"en-US\",\"@id\":\"https:\/\/eiikkii.fr\/index.php\/about-me\/#primaryimage\",\"url\":\"https:\/\/eiikkii.fr\/wp-content\/uploads\/2025\/03\/MD_4089-copie-scaled.jpg\",\"contentUrl\":\"https:\/\/eiikkii.fr\/wp-content\/uploads\/2025\/03\/MD_4089-copie-scaled.jpg\",\"width\":1707,\"height\":2560},{\"@type\":\"BreadcrumbList\",\"@id\":\"https:\/\/eiikkii.fr\/index.php\/about-me\/#breadcrumb\",\"itemListElement\":[{\"@type\":\"ListItem\",\"position\":1,\"name\":\"Accueil\",\"item\":\"https:\/\/eiikkii.fr\/\"},{\"@type\":\"ListItem\",\"position\":2,\"name\":\"About me\"}]},{\"@type\":\"WebSite\",\"@id\":\"https:\/\/eiikkii.fr\/#website\",\"url\":\"https:\/\/eiikkii.fr\/\",\"name\":\"Eiikkii\",\"description\":\"Un site utilisant WordPress\",\"publisher\":{\"@id\":\"https:\/\/eiikkii.fr\/#organization\"},\"potentialAction\":[{\"@type\":\"SearchAction\",\"target\":{\"@type\":\"EntryPoint\",\"urlTemplate\":\"https:\/\/eiikkii.fr\/?s={search_term_string}\"},\"query-input\":{\"@type\":\"PropertyValueSpecification\",\"valueRequired\":true,\"valueName\":\"search_term_string\"}}],\"inLanguage\":\"en-US\"},{\"@type\":\"Organization\",\"@id\":\"https:\/\/eiikkii.fr\/#organization\",\"name\":\"Eiikkii\",\"url\":\"https:\/\/eiikkii.fr\/\",\"logo\":{\"@type\":\"ImageObject\",\"inLanguage\":\"en-US\",\"@id\":\"https:\/\/eiikkii.fr\/#\/schema\/logo\/image\/\",\"url\":\"https:\/\/eiikkii.fr\/wp-content\/uploads\/2025\/03\/LOGO.jpg\",\"contentUrl\":\"https:\/\/eiikkii.fr\/wp-content\/uploads\/2025\/03\/LOGO.jpg\",\"width\":500,\"height\":281,\"caption\":\"Eiikkii\"},\"image\":{\"@id\":\"https:\/\/eiikkii.fr\/#\/schema\/logo\/image\/\"},\"sameAs\":[\"https:\/\/www.instagram.com\/eiikkii\/\",\"https:\/\/www.youtube.com\/@eiikkiii\"]}]}<\/script>\n<!-- \/ Yoast SEO plugin. -->","yoast_head_json":{"title":"About me - Eiikkii","robots":{"index":"index","follow":"follow","max-snippet":"max-snippet:-1","max-image-preview":"max-image-preview:large","max-video-preview":"max-video-preview:-1"},"canonical":"https:\/\/eiikkii.fr\/index.php\/about-me\/","og_locale":"en_US","og_type":"article","og_title":"About me - Eiikkii","og_description":"Qui je suis? \u00a0 Ma passion pour la photo est n\u00e9e en arpentant les mus\u00e9es et expositions des grands photojournalistes de Magnum. Leurs images m\u2019ont donn\u00e9 envie de raconter le monde \u00e0 travers mon objectif.Curieux et passionn\u00e9 de l&#8217;image et sa puissance aussi \u00e0 travers l&#8217;imagerie Punk des ann\u00e9es 90 et ses noirs et blancs [&hellip;]","og_url":"https:\/\/eiikkii.fr\/index.php\/about-me\/","og_site_name":"Eiikkii","article_modified_time":"2025-11-10T17:51:33+00:00","og_image":[{"width":1707,"height":2560,"url":"http:\/\/eiikkii.fr\/wp-content\/uploads\/2025\/03\/MD_4089-copie-scaled.jpg","type":"image\/jpeg"}],"twitter_card":"summary_large_image","twitter_misc":{"Est. reading time":"2 minutes"},"schema":{"@context":"https:\/\/schema.org","@graph":[{"@type":"WebPage","@id":"https:\/\/eiikkii.fr\/index.php\/about-me\/","url":"https:\/\/eiikkii.fr\/index.php\/about-me\/","name":"About me - Eiikkii","isPartOf":{"@id":"https:\/\/eiikkii.fr\/#website"},"primaryImageOfPage":{"@id":"https:\/\/eiikkii.fr\/index.php\/about-me\/#primaryimage"},"image":{"@id":"https:\/\/eiikkii.fr\/index.php\/about-me\/#primaryimage"},"thumbnailUrl":"https:\/\/eiikkii.fr\/wp-content\/uploads\/2025\/03\/MD_4089-copie-scaled.jpg","datePublished":"2025-03-14T14:37:58+00:00","dateModified":"2025-11-10T17:51:33+00:00","breadcrumb":{"@id":"https:\/\/eiikkii.fr\/index.php\/about-me\/#breadcrumb"},"inLanguage":"en-US","potentialAction":[{"@type":"ReadAction","target":["https:\/\/eiikkii.fr\/index.php\/about-me\/"]}]},{"@type":"ImageObject","inLanguage":"en-US","@id":"https:\/\/eiikkii.fr\/index.php\/about-me\/#primaryimage","url":"https:\/\/eiikkii.fr\/wp-content\/uploads\/2025\/03\/MD_4089-copie-scaled.jpg","contentUrl":"https:\/\/eiikkii.fr\/wp-content\/uploads\/2025\/03\/MD_4089-copie-scaled.jpg","width":1707,"height":2560},{"@type":"BreadcrumbList","@id":"https:\/\/eiikkii.fr\/index.php\/about-me\/#breadcrumb","itemListElement":[{"@type":"ListItem","position":1,"name":"Accueil","item":"https:\/\/eiikkii.fr\/"},{"@type":"ListItem","position":2,"name":"About me"}]},{"@type":"WebSite","@id":"https:\/\/eiikkii.fr\/#website","url":"https:\/\/eiikkii.fr\/","name":"Eiikkii","description":"Un site utilisant WordPress","publisher":{"@id":"https:\/\/eiikkii.fr\/#organization"},"potentialAction":[{"@type":"SearchAction","target":{"@type":"EntryPoint","urlTemplate":"https:\/\/eiikkii.fr\/?s={search_term_string}"},"query-input":{"@type":"PropertyValueSpecification","valueRequired":true,"valueName":"search_term_string"}}],"inLanguage":"en-US"},{"@type":"Organization","@id":"https:\/\/eiikkii.fr\/#organization","name":"Eiikkii","url":"https:\/\/eiikkii.fr\/","logo":{"@type":"ImageObject","inLanguage":"en-US","@id":"https:\/\/eiikkii.fr\/#\/schema\/logo\/image\/","url":"https:\/\/eiikkii.fr\/wp-content\/uploads\/2025\/03\/LOGO.jpg","contentUrl":"https:\/\/eiikkii.fr\/wp-content\/uploads\/2025\/03\/LOGO.jpg","width":500,"height":281,"caption":"Eiikkii"},"image":{"@id":"https:\/\/eiikkii.fr\/#\/schema\/logo\/image\/"},"sameAs":["https:\/\/www.instagram.com\/eiikkii\/","https:\/\/www.youtube.com\/@eiikkiii"]}]}},"_links":{"self":[{"href":"https:\/\/eiikkii.fr\/index.php\/wp-json\/wp\/v2\/pages\/50","targetHints":{"allow":["GET"]}}],"collection":[{"href":"https:\/\/eiikkii.fr\/index.php\/wp-json\/wp\/v2\/pages"}],"about":[{"href":"https:\/\/eiikkii.fr\/index.php\/wp-json\/wp\/v2\/types\/page"}],"author":[{"embeddable":true,"href":"https:\/\/eiikkii.fr\/index.php\/wp-json\/wp\/v2\/users\/1"}],"replies":[{"embeddable":true,"href":"https:\/\/eiikkii.fr\/index.php\/wp-json\/wp\/v2\/comments?post=50"}],"version-history":[{"count":31,"href":"https:\/\/eiikkii.fr\/index.php\/wp-json\/wp\/v2\/pages\/50\/revisions"}],"predecessor-version":[{"id":1032,"href":"https:\/\/eiikkii.fr\/index.php\/wp-json\/wp\/v2\/pages\/50\/revisions\/1032"}],"wp:featuredmedia":[{"embeddable":true,"href":"https:\/\/eiikkii.fr\/index.php\/wp-json\/wp\/v2\/media\/96"}],"wp:attachment":[{"href":"https:\/\/eiikkii.fr\/index.php\/wp-json\/wp\/v2\/media?parent=50"}],"curies":[{"name":"wp","href":"https:\/\/api.w.org\/{rel}","templated":true}]}}