{"id":8,"date":"2025-03-14T17:23:07","date_gmt":"2025-03-14T16:23:07","guid":{"rendered":"https:\/\/eiikkii.fr\/?page_id=8"},"modified":"2025-06-26T15:11:09","modified_gmt":"2025-06-26T13:11:09","slug":"accueil","status":"publish","type":"page","link":"https:\/\/eiikkii.fr\/","title":{"rendered":"Accueil"},"content":{"rendered":"\t\t<div data-elementor-type=\"wp-post\" data-elementor-id=\"8\" class=\"elementor elementor-8\" data-elementor-post-type=\"page\">\n\t\t\t\t<div class=\"elementor-element elementor-element-459f57e e-flex e-con-boxed e-con e-parent\" data-id=\"459f57e\" data-element_type=\"container\">\n\t\t\t\t\t<div class=\"e-con-inner\">\n\t\t<div class=\"elementor-element elementor-element-62b9403 e-con-full e-flex e-con e-child\" data-id=\"62b9403\" data-element_type=\"container\">\n\t\t\t\t<div class=\"elementor-element elementor-element-dfc06d4 elementor-widget elementor-widget-heading\" data-id=\"dfc06d4\" data-element_type=\"widget\" data-widget_type=\"heading.default\">\n\t\t\t\t<div class=\"elementor-widget-container\">\n\t\t\t\t\t<h2 class=\"elementor-heading-title elementor-size-default\">Hey , Moi c'est Eiikkii<\/h2>\t\t\t\t<\/div>\n\t\t\t\t<\/div>\n\t\t\t\t<div class=\"elementor-element elementor-element-0a2b99f elementor-widget elementor-widget-text-editor\" data-id=\"0a2b99f\" data-element_type=\"widget\" data-widget_type=\"text-editor.default\">\n\t\t\t\t<div class=\"elementor-widget-container\">\n\t\t\t\t\t\t\t\t\t<p>Je suis Photographe , vid\u00e9aste , Youtubeur, Streameur , Cadreur et Monteur. Bas\u00e9 \u00e0 Montpellier , France . Je r\u00e9alise des projets entre la France et le Japon.<br \/>Ma passion est de r\u00e9aliser vos projets et trouver la solution id\u00e9ale \u00e0 votre budget.En utilisant mes comp\u00e9tences pour cr\u00e9er l&#8217;univers qui vous correspond<\/p>\t\t\t\t\t\t\t\t<\/div>\n\t\t\t\t<\/div>\n\t\t\t\t<div class=\"elementor-element elementor-element-14b89f9 elementor-widget__width-initial elementor-widget elementor-widget-button\" data-id=\"14b89f9\" data-element_type=\"widget\" data-widget_type=\"button.default\">\n\t\t\t\t<div class=\"elementor-widget-container\">\n\t\t\t\t\t\t\t\t\t<div class=\"elementor-button-wrapper\">\n\t\t\t\t\t<a class=\"elementor-button elementor-button-link elementor-size-sm\" href=\"https:\/\/eiikkii.fr\/index.php\/portfolio\/\">\n\t\t\t\t\t\t<span class=\"elementor-button-content-wrapper\">\n\t\t\t\t\t\t\t\t\t<span class=\"elementor-button-text\">PORTFOLIO<\/span>\n\t\t\t\t\t<\/span>\n\t\t\t\t\t<\/a>\n\t\t\t\t<\/div>\n\t\t\t\t\t\t\t\t<\/div>\n\t\t\t\t<\/div>\n\t\t\t\t<\/div>\n\t\t\t\t<div class=\"elementor-element elementor-element-8faec1c elementor-widget__width-initial elementor--h-position-center elementor--v-position-middle elementor-arrows-position-inside elementor-pagination-position-inside elementor-widget elementor-widget-slides\" data-id=\"8faec1c\" data-element_type=\"widget\" data-settings=\"{&quot;navigation&quot;:&quot;both&quot;,&quot;autoplay&quot;:&quot;yes&quot;,&quot;pause_on_hover&quot;:&quot;yes&quot;,&quot;pause_on_interaction&quot;:&quot;yes&quot;,&quot;autoplay_speed&quot;:5000,&quot;infinite&quot;:&quot;yes&quot;,&quot;transition&quot;:&quot;slide&quot;,&quot;transition_speed&quot;:500}\" data-widget_type=\"slides.default\">\n\t\t\t\t<div class=\"elementor-widget-container\">\n\t\t\t\t\t\t\t\t\t<div class=\"elementor-swiper\">\n\t\t\t\t\t<div class=\"elementor-slides-wrapper elementor-main-swiper swiper\" role=\"region\" aria-roledescription=\"carousel\" aria-label=\"Slides\" dir=\"ltr\" data-animation=\"fadeInUp\">\n\t\t\t\t<div class=\"swiper-wrapper elementor-slides\">\n\t\t\t\t\t\t\t\t\t\t<div class=\"elementor-repeater-item-756b494 swiper-slide\" role=\"group\" aria-roledescription=\"slide\"><div class=\"swiper-slide-bg\" role=\"img\"><\/div><div class=\"swiper-slide-inner\" ><div class=\"swiper-slide-contents\"><\/div><\/div><\/div>\t\t\t\t<\/div>\n\t\t\t\t\t\t\t<\/div>\n\t\t\t\t<\/div>\n\t\t\t\t\t\t\t\t<\/div>\n\t\t\t\t<\/div>\n\t\t\t\t\t<\/div>\n\t\t\t\t<\/div>\n\t\t<div class=\"elementor-element elementor-element-6d99633 e-flex e-con-boxed e-con e-parent\" data-id=\"6d99633\" data-element_type=\"container\">\n\t\t\t\t\t<div class=\"e-con-inner\">\n\t\t\t\t<div class=\"elementor-element elementor-element-c96ee54 elementor-widget__width-initial elementor-widget elementor-widget-video\" data-id=\"c96ee54\" data-element_type=\"widget\" data-settings=\"{&quot;youtube_url&quot;:&quot;https:\\\/\\\/youtu.be\\\/4l-UJF6LZ0I&quot;,&quot;video_type&quot;:&quot;youtube&quot;,&quot;controls&quot;:&quot;yes&quot;}\" data-widget_type=\"video.default\">\n\t\t\t\t<div class=\"elementor-widget-container\">\n\t\t\t\t\t\t\t<div class=\"elementor-wrapper elementor-open-inline\">\n\t\t\t<div class=\"elementor-video\"><\/div>\t\t<\/div>\n\t\t\t\t\t\t<\/div>\n\t\t\t\t<\/div>\n\t\t\t\t\t<\/div>\n\t\t\t\t<\/div>\n\t\t<div class=\"elementor-element elementor-element-7bbb9c5 e-flex e-con-boxed e-con e-parent\" data-id=\"7bbb9c5\" data-element_type=\"container\">\n\t\t\t\t\t<div class=\"e-con-inner\">\n\t\t<div class=\"elementor-element elementor-element-dfa2f67 e-con-full e-flex e-con e-child\" data-id=\"dfa2f67\" data-element_type=\"container\">\n\t\t\t\t<div class=\"elementor-element elementor-element-70125e7 elementor-widget elementor-widget-image\" data-id=\"70125e7\" data-element_type=\"widget\" data-widget_type=\"image.default\">\n\t\t\t\t<div class=\"elementor-widget-container\">\n\t\t\t\t\t\t\t\t\t\t\t\t\t\t\t<img fetchpriority=\"high\" decoding=\"async\" width=\"683\" height=\"1024\" src=\"https:\/\/eiikkii.fr\/wp-content\/uploads\/2025\/03\/Natoo-shooting-Tokyo-by-eiikkii-Seconde-version-16-683x1024.jpg\" class=\"attachment-large size-large wp-image-654\" alt=\"\" srcset=\"https:\/\/eiikkii.fr\/wp-content\/uploads\/2025\/03\/Natoo-shooting-Tokyo-by-eiikkii-Seconde-version-16-683x1024.jpg 683w, https:\/\/eiikkii.fr\/wp-content\/uploads\/2025\/03\/Natoo-shooting-Tokyo-by-eiikkii-Seconde-version-16-200x300.jpg 200w, https:\/\/eiikkii.fr\/wp-content\/uploads\/2025\/03\/Natoo-shooting-Tokyo-by-eiikkii-Seconde-version-16-768x1152.jpg 768w, https:\/\/eiikkii.fr\/wp-content\/uploads\/2025\/03\/Natoo-shooting-Tokyo-by-eiikkii-Seconde-version-16-scaled.jpg 1707w\" sizes=\"(max-width: 683px) 100vw, 683px\" \/>\t\t\t\t\t\t\t\t\t\t\t\t\t\t\t<\/div>\n\t\t\t\t<\/div>\n\t\t\t\t<\/div>\n\t\t<div class=\"elementor-element elementor-element-0b29b35 e-con-full e-flex e-con e-child\" data-id=\"0b29b35\" data-element_type=\"container\">\n\t\t\t\t<div class=\"elementor-element elementor-element-d631101 elementor-widget elementor-widget-image\" data-id=\"d631101\" data-element_type=\"widget\" data-widget_type=\"image.default\">\n\t\t\t\t<div class=\"elementor-widget-container\">\n\t\t\t\t\t\t\t\t\t\t\t\t\t\t\t<img decoding=\"async\" width=\"683\" height=\"1024\" src=\"https:\/\/eiikkii.fr\/wp-content\/uploads\/2025\/03\/shoot-najib-8-683x1024.jpg\" class=\"attachment-large size-large wp-image-628\" alt=\"\" srcset=\"https:\/\/eiikkii.fr\/wp-content\/uploads\/2025\/03\/shoot-najib-8-683x1024.jpg 683w, https:\/\/eiikkii.fr\/wp-content\/uploads\/2025\/03\/shoot-najib-8-200x300.jpg 200w, https:\/\/eiikkii.fr\/wp-content\/uploads\/2025\/03\/shoot-najib-8-768x1152.jpg 768w, https:\/\/eiikkii.fr\/wp-content\/uploads\/2025\/03\/shoot-najib-8-1024x1536.jpg 1024w, https:\/\/eiikkii.fr\/wp-content\/uploads\/2025\/03\/shoot-najib-8-scaled.jpg 1707w\" sizes=\"(max-width: 683px) 100vw, 683px\" \/>\t\t\t\t\t\t\t\t\t\t\t\t\t\t\t<\/div>\n\t\t\t\t<\/div>\n\t\t\t\t<\/div>\n\t\t<div class=\"elementor-element elementor-element-10d5878 e-con-full e-flex e-con e-child\" data-id=\"10d5878\" data-element_type=\"container\">\n\t\t\t\t<div class=\"elementor-element elementor-element-0fb2fa0 elementor-widget elementor-widget-image\" data-id=\"0fb2fa0\" data-element_type=\"widget\" data-widget_type=\"image.default\">\n\t\t\t\t<div class=\"elementor-widget-container\">\n\t\t\t\t\t\t\t\t\t\t\t\t\t\t\t<img decoding=\"async\" width=\"683\" height=\"1024\" src=\"https:\/\/eiikkii.fr\/wp-content\/uploads\/2025\/03\/Rhin-35-683x1024.jpg\" class=\"attachment-large size-large wp-image-606\" alt=\"\" srcset=\"https:\/\/eiikkii.fr\/wp-content\/uploads\/2025\/03\/Rhin-35-683x1024.jpg 683w, https:\/\/eiikkii.fr\/wp-content\/uploads\/2025\/03\/Rhin-35-200x300.jpg 200w, https:\/\/eiikkii.fr\/wp-content\/uploads\/2025\/03\/Rhin-35-768x1152.jpg 768w, https:\/\/eiikkii.fr\/wp-content\/uploads\/2025\/03\/Rhin-35-1024x1536.jpg 1024w, https:\/\/eiikkii.fr\/wp-content\/uploads\/2025\/03\/Rhin-35-scaled.jpg 1707w\" sizes=\"(max-width: 683px) 100vw, 683px\" \/>\t\t\t\t\t\t\t\t\t\t\t\t\t\t\t<\/div>\n\t\t\t\t<\/div>\n\t\t\t\t<\/div>\n\t\t<div class=\"elementor-element elementor-element-bd6ba14 e-con-full e-flex e-con e-child\" data-id=\"bd6ba14\" data-element_type=\"container\">\n\t\t\t\t<div class=\"elementor-element elementor-element-6528190 elementor-widget elementor-widget-image\" data-id=\"6528190\" data-element_type=\"widget\" data-widget_type=\"image.default\">\n\t\t\t\t<div class=\"elementor-widget-container\">\n\t\t\t\t\t\t\t\t\t\t\t\t\t\t\t<img loading=\"lazy\" decoding=\"async\" width=\"683\" height=\"1024\" src=\"https:\/\/eiikkii.fr\/wp-content\/uploads\/2025\/03\/VICTORIA-EDIT-7-683x1024.jpg\" class=\"attachment-large size-large wp-image-534\" alt=\"\" srcset=\"https:\/\/eiikkii.fr\/wp-content\/uploads\/2025\/03\/VICTORIA-EDIT-7-683x1024.jpg 683w, https:\/\/eiikkii.fr\/wp-content\/uploads\/2025\/03\/VICTORIA-EDIT-7-200x300.jpg 200w, https:\/\/eiikkii.fr\/wp-content\/uploads\/2025\/03\/VICTORIA-EDIT-7-768x1152.jpg 768w, https:\/\/eiikkii.fr\/wp-content\/uploads\/2025\/03\/VICTORIA-EDIT-7-scaled.jpg 1707w\" sizes=\"(max-width: 683px) 100vw, 683px\" \/>\t\t\t\t\t\t\t\t\t\t\t\t\t\t\t<\/div>\n\t\t\t\t<\/div>\n\t\t\t\t<\/div>\n\t\t<div class=\"elementor-element elementor-element-5e0779e e-con-full e-flex e-con e-child\" data-id=\"5e0779e\" data-element_type=\"container\">\n\t\t\t\t<div class=\"elementor-element elementor-element-661655c elementor-widget elementor-widget-image\" data-id=\"661655c\" data-element_type=\"widget\" data-widget_type=\"image.default\">\n\t\t\t\t<div class=\"elementor-widget-container\">\n\t\t\t\t\t\t\t\t\t\t\t\t\t\t\t<img loading=\"lazy\" decoding=\"async\" width=\"683\" height=\"1024\" src=\"https:\/\/eiikkii.fr\/wp-content\/uploads\/2025\/03\/Rudy-studio-10-683x1024.jpg\" class=\"attachment-large size-large wp-image-866\" alt=\"\" srcset=\"https:\/\/eiikkii.fr\/wp-content\/uploads\/2025\/03\/Rudy-studio-10-683x1024.jpg 683w, https:\/\/eiikkii.fr\/wp-content\/uploads\/2025\/03\/Rudy-studio-10-200x300.jpg 200w, https:\/\/eiikkii.fr\/wp-content\/uploads\/2025\/03\/Rudy-studio-10-768x1152.jpg 768w, https:\/\/eiikkii.fr\/wp-content\/uploads\/2025\/03\/Rudy-studio-10-1024x1536.jpg 1024w, https:\/\/eiikkii.fr\/wp-content\/uploads\/2025\/03\/Rudy-studio-10.jpg 1080w\" sizes=\"(max-width: 683px) 100vw, 683px\" \/>\t\t\t\t\t\t\t\t\t\t\t\t\t\t\t<\/div>\n\t\t\t\t<\/div>\n\t\t\t\t<\/div>\n\t\t<div class=\"elementor-element elementor-element-507c956 e-con-full e-flex e-con e-child\" data-id=\"507c956\" data-element_type=\"container\">\n\t\t\t\t<div class=\"elementor-element elementor-element-5704027 elementor-widget elementor-widget-image\" data-id=\"5704027\" data-element_type=\"widget\" data-widget_type=\"image.default\">\n\t\t\t\t<div class=\"elementor-widget-container\">\n\t\t\t\t\t\t\t\t\t\t\t\t\t\t\t<img loading=\"lazy\" decoding=\"async\" width=\"683\" height=\"1024\" src=\"https:\/\/eiikkii.fr\/wp-content\/uploads\/2025\/03\/kyoka-20-683x1024.jpg\" class=\"attachment-large size-large wp-image-493\" alt=\"\" srcset=\"https:\/\/eiikkii.fr\/wp-content\/uploads\/2025\/03\/kyoka-20-683x1024.jpg 683w, https:\/\/eiikkii.fr\/wp-content\/uploads\/2025\/03\/kyoka-20-200x300.jpg 200w, https:\/\/eiikkii.fr\/wp-content\/uploads\/2025\/03\/kyoka-20-768x1152.jpg 768w, https:\/\/eiikkii.fr\/wp-content\/uploads\/2025\/03\/kyoka-20-scaled.jpg 1707w\" sizes=\"(max-width: 683px) 100vw, 683px\" \/>\t\t\t\t\t\t\t\t\t\t\t\t\t\t\t<\/div>\n\t\t\t\t<\/div>\n\t\t\t\t<\/div>\n\t\t\t\t\t<\/div>\n\t\t\t\t<\/div>\n\t\t\t\t<\/div>\n\t\t","protected":false},"excerpt":{"rendered":"<p>Hey , Moi c&#8217;est Eiikkii Je suis Photographe , vid\u00e9aste , Youtubeur, Streameur , Cadreur et Monteur. Bas\u00e9 \u00e0 Montpellier , France . Je r\u00e9alise des projets entre la France et le Japon.Ma passion est de r\u00e9aliser vos projets et trouver la solution id\u00e9ale \u00e0 votre budget.En utilisant mes comp\u00e9tences pour cr\u00e9er l&#8217;univers qui vous [&hellip;]<\/p>\n","protected":false},"author":1,"featured_media":96,"parent":0,"menu_order":0,"comment_status":"closed","ping_status":"closed","template":"elementor_canvas","meta":{"footnotes":""},"class_list":["post-8","page","type-page","status-publish","has-post-thumbnail","hentry"],"yoast_head":"<!-- This site is optimized with the Yoast SEO plugin v24.6 - https:\/\/yoast.com\/wordpress\/plugins\/seo\/ -->\n<title>Accueil - Eiikkii<\/title>\n<meta name=\"robots\" content=\"index, follow, max-snippet:-1, max-image-preview:large, max-video-preview:-1\" \/>\n<link rel=\"canonical\" href=\"https:\/\/eiikkii.fr\/\" \/>\n<meta property=\"og:locale\" content=\"en_US\" \/>\n<meta property=\"og:type\" content=\"article\" \/>\n<meta property=\"og:title\" content=\"Accueil - Eiikkii\" \/>\n<meta property=\"og:description\" content=\"Hey , Moi c&#8217;est Eiikkii Je suis Photographe , vid\u00e9aste , Youtubeur, Streameur , Cadreur et Monteur. Bas\u00e9 \u00e0 Montpellier , France . Je r\u00e9alise des projets entre la France et le Japon.Ma passion est de r\u00e9aliser vos projets et trouver la solution id\u00e9ale \u00e0 votre budget.En utilisant mes comp\u00e9tences pour cr\u00e9er l&#8217;univers qui vous [&hellip;]\" \/>\n<meta property=\"og:url\" content=\"https:\/\/eiikkii.fr\/\" \/>\n<meta property=\"og:site_name\" content=\"Eiikkii\" \/>\n<meta property=\"article:modified_time\" content=\"2025-06-26T13:11:09+00:00\" \/>\n<meta property=\"og:image\" content=\"http:\/\/eiikkii.fr\/wp-content\/uploads\/2025\/03\/MD_4089-copie-scaled.jpg\" \/>\n\t<meta property=\"og:image:width\" content=\"1707\" \/>\n\t<meta property=\"og:image:height\" content=\"2560\" \/>\n\t<meta property=\"og:image:type\" content=\"image\/jpeg\" \/>\n<meta name=\"twitter:card\" content=\"summary_large_image\" \/>\n<meta name=\"twitter:label1\" content=\"Est. reading time\" \/>\n\t<meta name=\"twitter:data1\" content=\"2 minutes\" \/>\n<script type=\"application\/ld+json\" class=\"yoast-schema-graph\">{\"@context\":\"https:\/\/schema.org\",\"@graph\":[{\"@type\":\"WebPage\",\"@id\":\"https:\/\/eiikkii.fr\/\",\"url\":\"https:\/\/eiikkii.fr\/\",\"name\":\"Accueil - Eiikkii\",\"isPartOf\":{\"@id\":\"https:\/\/eiikkii.fr\/#website\"},\"primaryImageOfPage\":{\"@id\":\"https:\/\/eiikkii.fr\/#primaryimage\"},\"image\":{\"@id\":\"https:\/\/eiikkii.fr\/#primaryimage\"},\"thumbnailUrl\":\"https:\/\/eiikkii.fr\/wp-content\/uploads\/2025\/03\/MD_4089-copie-scaled.jpg\",\"datePublished\":\"2025-03-14T16:23:07+00:00\",\"dateModified\":\"2025-06-26T13:11:09+00:00\",\"breadcrumb\":{\"@id\":\"https:\/\/eiikkii.fr\/#breadcrumb\"},\"inLanguage\":\"en-US\",\"potentialAction\":[{\"@type\":\"ReadAction\",\"target\":[\"https:\/\/eiikkii.fr\/\"]}]},{\"@type\":\"ImageObject\",\"inLanguage\":\"en-US\",\"@id\":\"https:\/\/eiikkii.fr\/#primaryimage\",\"url\":\"https:\/\/eiikkii.fr\/wp-content\/uploads\/2025\/03\/MD_4089-copie-scaled.jpg\",\"contentUrl\":\"https:\/\/eiikkii.fr\/wp-content\/uploads\/2025\/03\/MD_4089-copie-scaled.jpg\",\"width\":1707,\"height\":2560},{\"@type\":\"BreadcrumbList\",\"@id\":\"https:\/\/eiikkii.fr\/#breadcrumb\",\"itemListElement\":[{\"@type\":\"ListItem\",\"position\":1,\"name\":\"Accueil\",\"item\":\"https:\/\/eiikkii.fr\/\"},{\"@type\":\"ListItem\",\"position\":2,\"name\":\"Accueil\"}]},{\"@type\":\"WebSite\",\"@id\":\"https:\/\/eiikkii.fr\/#website\",\"url\":\"https:\/\/eiikkii.fr\/\",\"name\":\"Eiikkii\",\"description\":\"Un site utilisant WordPress\",\"publisher\":{\"@id\":\"https:\/\/eiikkii.fr\/#organization\"},\"potentialAction\":[{\"@type\":\"SearchAction\",\"target\":{\"@type\":\"EntryPoint\",\"urlTemplate\":\"https:\/\/eiikkii.fr\/?s={search_term_string}\"},\"query-input\":{\"@type\":\"PropertyValueSpecification\",\"valueRequired\":true,\"valueName\":\"search_term_string\"}}],\"inLanguage\":\"en-US\"},{\"@type\":\"Organization\",\"@id\":\"https:\/\/eiikkii.fr\/#organization\",\"name\":\"Eiikkii\",\"url\":\"https:\/\/eiikkii.fr\/\",\"logo\":{\"@type\":\"ImageObject\",\"inLanguage\":\"en-US\",\"@id\":\"https:\/\/eiikkii.fr\/#\/schema\/logo\/image\/\",\"url\":\"https:\/\/eiikkii.fr\/wp-content\/uploads\/2025\/03\/LOGO.jpg\",\"contentUrl\":\"https:\/\/eiikkii.fr\/wp-content\/uploads\/2025\/03\/LOGO.jpg\",\"width\":500,\"height\":281,\"caption\":\"Eiikkii\"},\"image\":{\"@id\":\"https:\/\/eiikkii.fr\/#\/schema\/logo\/image\/\"},\"sameAs\":[\"https:\/\/www.instagram.com\/eiikkii\/\",\"https:\/\/www.youtube.com\/@eiikkiii\"]}]}<\/script>\n<!-- \/ Yoast SEO plugin. -->","yoast_head_json":{"title":"Accueil - Eiikkii","robots":{"index":"index","follow":"follow","max-snippet":"max-snippet:-1","max-image-preview":"max-image-preview:large","max-video-preview":"max-video-preview:-1"},"canonical":"https:\/\/eiikkii.fr\/","og_locale":"en_US","og_type":"article","og_title":"Accueil - Eiikkii","og_description":"Hey , Moi c&#8217;est Eiikkii Je suis Photographe , vid\u00e9aste , Youtubeur, Streameur , Cadreur et Monteur. Bas\u00e9 \u00e0 Montpellier , France . Je r\u00e9alise des projets entre la France et le Japon.Ma passion est de r\u00e9aliser vos projets et trouver la solution id\u00e9ale \u00e0 votre budget.En utilisant mes comp\u00e9tences pour cr\u00e9er l&#8217;univers qui vous [&hellip;]","og_url":"https:\/\/eiikkii.fr\/","og_site_name":"Eiikkii","article_modified_time":"2025-06-26T13:11:09+00:00","og_image":[{"width":1707,"height":2560,"url":"http:\/\/eiikkii.fr\/wp-content\/uploads\/2025\/03\/MD_4089-copie-scaled.jpg","type":"image\/jpeg"}],"twitter_card":"summary_large_image","twitter_misc":{"Est. reading time":"2 minutes"},"schema":{"@context":"https:\/\/schema.org","@graph":[{"@type":"WebPage","@id":"https:\/\/eiikkii.fr\/","url":"https:\/\/eiikkii.fr\/","name":"Accueil - Eiikkii","isPartOf":{"@id":"https:\/\/eiikkii.fr\/#website"},"primaryImageOfPage":{"@id":"https:\/\/eiikkii.fr\/#primaryimage"},"image":{"@id":"https:\/\/eiikkii.fr\/#primaryimage"},"thumbnailUrl":"https:\/\/eiikkii.fr\/wp-content\/uploads\/2025\/03\/MD_4089-copie-scaled.jpg","datePublished":"2025-03-14T16:23:07+00:00","dateModified":"2025-06-26T13:11:09+00:00","breadcrumb":{"@id":"https:\/\/eiikkii.fr\/#breadcrumb"},"inLanguage":"en-US","potentialAction":[{"@type":"ReadAction","target":["https:\/\/eiikkii.fr\/"]}]},{"@type":"ImageObject","inLanguage":"en-US","@id":"https:\/\/eiikkii.fr\/#primaryimage","url":"https:\/\/eiikkii.fr\/wp-content\/uploads\/2025\/03\/MD_4089-copie-scaled.jpg","contentUrl":"https:\/\/eiikkii.fr\/wp-content\/uploads\/2025\/03\/MD_4089-copie-scaled.jpg","width":1707,"height":2560},{"@type":"BreadcrumbList","@id":"https:\/\/eiikkii.fr\/#breadcrumb","itemListElement":[{"@type":"ListItem","position":1,"name":"Accueil","item":"https:\/\/eiikkii.fr\/"},{"@type":"ListItem","position":2,"name":"Accueil"}]},{"@type":"WebSite","@id":"https:\/\/eiikkii.fr\/#website","url":"https:\/\/eiikkii.fr\/","name":"Eiikkii","description":"Un site utilisant WordPress","publisher":{"@id":"https:\/\/eiikkii.fr\/#organization"},"potentialAction":[{"@type":"SearchAction","target":{"@type":"EntryPoint","urlTemplate":"https:\/\/eiikkii.fr\/?s={search_term_string}"},"query-input":{"@type":"PropertyValueSpecification","valueRequired":true,"valueName":"search_term_string"}}],"inLanguage":"en-US"},{"@type":"Organization","@id":"https:\/\/eiikkii.fr\/#organization","name":"Eiikkii","url":"https:\/\/eiikkii.fr\/","logo":{"@type":"ImageObject","inLanguage":"en-US","@id":"https:\/\/eiikkii.fr\/#\/schema\/logo\/image\/","url":"https:\/\/eiikkii.fr\/wp-content\/uploads\/2025\/03\/LOGO.jpg","contentUrl":"https:\/\/eiikkii.fr\/wp-content\/uploads\/2025\/03\/LOGO.jpg","width":500,"height":281,"caption":"Eiikkii"},"image":{"@id":"https:\/\/eiikkii.fr\/#\/schema\/logo\/image\/"},"sameAs":["https:\/\/www.instagram.com\/eiikkii\/","https:\/\/www.youtube.com\/@eiikkiii"]}]}},"_links":{"self":[{"href":"https:\/\/eiikkii.fr\/index.php\/wp-json\/wp\/v2\/pages\/8","targetHints":{"allow":["GET"]}}],"collection":[{"href":"https:\/\/eiikkii.fr\/index.php\/wp-json\/wp\/v2\/pages"}],"about":[{"href":"https:\/\/eiikkii.fr\/index.php\/wp-json\/wp\/v2\/types\/page"}],"author":[{"embeddable":true,"href":"https:\/\/eiikkii.fr\/index.php\/wp-json\/wp\/v2\/users\/1"}],"replies":[{"embeddable":true,"href":"https:\/\/eiikkii.fr\/index.php\/wp-json\/wp\/v2\/comments?post=8"}],"version-history":[{"count":39,"href":"https:\/\/eiikkii.fr\/index.php\/wp-json\/wp\/v2\/pages\/8\/revisions"}],"predecessor-version":[{"id":950,"href":"https:\/\/eiikkii.fr\/index.php\/wp-json\/wp\/v2\/pages\/8\/revisions\/950"}],"wp:featuredmedia":[{"embeddable":true,"href":"https:\/\/eiikkii.fr\/index.php\/wp-json\/wp\/v2\/media\/96"}],"wp:attachment":[{"href":"https:\/\/eiikkii.fr\/index.php\/wp-json\/wp\/v2\/media?parent=8"}],"curies":[{"name":"wp","href":"https:\/\/api.w.org\/{rel}","templated":true}]}}