{"id":951,"date":"2025-06-26T15:16:08","date_gmt":"2025-06-26T13:16:08","guid":{"rendered":"https:\/\/eiikkii.fr\/?page_id=951"},"modified":"2025-06-26T15:24:55","modified_gmt":"2025-06-26T13:24:55","slug":"dark-fantasy-core","status":"publish","type":"page","link":"https:\/\/eiikkii.fr\/index.php\/dark-fantasy-core\/","title":{"rendered":"Dark Fantasy Core"},"content":{"rendered":"\t\t<div data-elementor-type=\"wp-page\" data-elementor-id=\"951\" class=\"elementor elementor-951\" data-elementor-post-type=\"page\">\n\t\t\t\t<div class=\"elementor-element elementor-element-1b75315 e-flex e-con-boxed e-con e-parent\" data-id=\"1b75315\" data-element_type=\"container\">\n\t\t\t\t\t<div class=\"e-con-inner\">\n\t\t\t\t<div class=\"elementor-element elementor-element-cc1a13d elementor-widget elementor-widget-heading\" data-id=\"cc1a13d\" data-element_type=\"widget\" data-widget_type=\"heading.default\">\n\t\t\t\t<div class=\"elementor-widget-container\">\n\t\t\t\t\t<h2 class=\"elementor-heading-title elementor-size-default\">Dark Fantasy Core<\/h2>\t\t\t\t<\/div>\n\t\t\t\t<\/div>\n\t\t\t\t\t<\/div>\n\t\t\t\t<\/div>\n\t\t<div class=\"elementor-element elementor-element-91544c5 e-flex e-con-boxed e-con e-parent\" data-id=\"91544c5\" data-element_type=\"container\">\n\t\t\t\t\t<div class=\"e-con-inner\">\n\t\t\t\t<div class=\"elementor-element elementor-element-f68dfaf elementor-widget elementor-widget-text-editor\" data-id=\"f68dfaf\" data-element_type=\"widget\" data-widget_type=\"text-editor.default\">\n\t\t\t\t<div class=\"elementor-widget-container\">\n\t\t\t\t\t\t\t\t\t<p data-start=\"101\" data-end=\"456\"><strong data-start=\"101\" data-end=\"456\">Dark fantasy has always been such an inspiration for me, a world where I can escape from reality. Since coming back from my year in Japan, I&#8217;ve been trying to create a universe that fits with the history of my own country. Castles and forests are the perfect backdrop to share and tell the stories that have been stuck in my mind for such a long time.<\/strong><\/p><p data-start=\"101\" data-end=\"456\">\u00a0<\/p><p data-start=\"101\" data-end=\"456\">La dark fantasy a toujours \u00e9t\u00e9 une grande source d&#8217;inspiration pour moi, un monde o\u00f9 je peux m&#8217;\u00e9vader de la r\u00e9alit\u00e9. Depuis mon retour de mon ann\u00e9e au Japon, j&#8217;essaie de cr\u00e9er un univers qui s&#8217;accorde avec l&#8217;histoire de mon propre pays. Les ch\u00e2teaux et les for\u00eats sont le d\u00e9cor parfait pour partager et raconter les histoires qui sont coinc\u00e9es dans mon esprit depuis si longtemps.<\/p>\t\t\t\t\t\t\t\t<\/div>\n\t\t\t\t<\/div>\n\t\t\t\t\t<\/div>\n\t\t\t\t<\/div>\n\t\t<div class=\"elementor-element elementor-element-fc5d409 e-flex e-con-boxed e-con e-parent\" data-id=\"fc5d409\" data-element_type=\"container\">\n\t\t\t\t\t<div class=\"e-con-inner\">\n\t\t<div class=\"elementor-element elementor-element-e5a7a78 e-con-full e-flex e-con e-child\" data-id=\"e5a7a78\" data-element_type=\"container\">\n\t\t\t\t<div class=\"elementor-element elementor-element-349cd26 elementor-widget elementor-widget-image\" data-id=\"349cd26\" data-element_type=\"widget\" data-widget_type=\"image.default\">\n\t\t\t\t<div class=\"elementor-widget-container\">\n\t\t\t\t\t\t\t\t\t\t\t\t\t\t\t<img fetchpriority=\"high\" decoding=\"async\" width=\"683\" height=\"1024\" src=\"https:\/\/eiikkii.fr\/wp-content\/uploads\/2025\/06\/CHEVALIER-ERRANT-dark-3-683x1024.jpg\" class=\"attachment-large size-large wp-image-955\" alt=\"\" srcset=\"https:\/\/eiikkii.fr\/wp-content\/uploads\/2025\/06\/CHEVALIER-ERRANT-dark-3-683x1024.jpg 683w, https:\/\/eiikkii.fr\/wp-content\/uploads\/2025\/06\/CHEVALIER-ERRANT-dark-3-200x300.jpg 200w, https:\/\/eiikkii.fr\/wp-content\/uploads\/2025\/06\/CHEVALIER-ERRANT-dark-3-768x1152.jpg 768w, https:\/\/eiikkii.fr\/wp-content\/uploads\/2025\/06\/CHEVALIER-ERRANT-dark-3-1024x1536.jpg 1024w, https:\/\/eiikkii.fr\/wp-content\/uploads\/2025\/06\/CHEVALIER-ERRANT-dark-3.jpg 1080w\" sizes=\"(max-width: 683px) 100vw, 683px\" \/>\t\t\t\t\t\t\t\t\t\t\t\t\t\t\t<\/div>\n\t\t\t\t<\/div>\n\t\t\t\t<\/div>\n\t\t<div class=\"elementor-element elementor-element-e45d43f e-con-full e-flex e-con e-child\" data-id=\"e45d43f\" data-element_type=\"container\">\n\t\t\t\t<div class=\"elementor-element elementor-element-18ec822 elementor-widget elementor-widget-image\" data-id=\"18ec822\" data-element_type=\"widget\" data-widget_type=\"image.default\">\n\t\t\t\t<div class=\"elementor-widget-container\">\n\t\t\t\t\t\t\t\t\t\t\t\t\t\t\t<img decoding=\"async\" width=\"683\" height=\"1024\" src=\"https:\/\/eiikkii.fr\/wp-content\/uploads\/2025\/06\/CHEVALIER-ERRANT-dark-2-683x1024.jpg\" class=\"attachment-large size-large wp-image-954\" alt=\"\" srcset=\"https:\/\/eiikkii.fr\/wp-content\/uploads\/2025\/06\/CHEVALIER-ERRANT-dark-2-683x1024.jpg 683w, https:\/\/eiikkii.fr\/wp-content\/uploads\/2025\/06\/CHEVALIER-ERRANT-dark-2-200x300.jpg 200w, https:\/\/eiikkii.fr\/wp-content\/uploads\/2025\/06\/CHEVALIER-ERRANT-dark-2-768x1152.jpg 768w, https:\/\/eiikkii.fr\/wp-content\/uploads\/2025\/06\/CHEVALIER-ERRANT-dark-2-1024x1536.jpg 1024w, https:\/\/eiikkii.fr\/wp-content\/uploads\/2025\/06\/CHEVALIER-ERRANT-dark-2.jpg 1080w\" sizes=\"(max-width: 683px) 100vw, 683px\" \/>\t\t\t\t\t\t\t\t\t\t\t\t\t\t\t<\/div>\n\t\t\t\t<\/div>\n\t\t\t\t<\/div>\n\t\t\t\t\t<\/div>\n\t\t\t\t<\/div>\n\t\t<div class=\"elementor-element elementor-element-716fe26 e-flex e-con-boxed e-con e-parent\" data-id=\"716fe26\" data-element_type=\"container\">\n\t\t\t\t\t<div class=\"e-con-inner\">\n\t\t<div class=\"elementor-element elementor-element-c3bfa06 e-con-full e-flex e-con e-child\" data-id=\"c3bfa06\" data-element_type=\"container\">\n\t\t\t\t<div class=\"elementor-element elementor-element-18a062c elementor-widget elementor-widget-image\" data-id=\"18a062c\" data-element_type=\"widget\" data-widget_type=\"image.default\">\n\t\t\t\t<div class=\"elementor-widget-container\">\n\t\t\t\t\t\t\t\t\t\t\t\t\t\t\t<img decoding=\"async\" width=\"683\" height=\"1024\" src=\"https:\/\/eiikkii.fr\/wp-content\/uploads\/2025\/06\/CHEVALIER-ERRANT-dark-4-683x1024.jpg\" class=\"attachment-large size-large wp-image-956\" alt=\"\" srcset=\"https:\/\/eiikkii.fr\/wp-content\/uploads\/2025\/06\/CHEVALIER-ERRANT-dark-4-683x1024.jpg 683w, https:\/\/eiikkii.fr\/wp-content\/uploads\/2025\/06\/CHEVALIER-ERRANT-dark-4-200x300.jpg 200w, https:\/\/eiikkii.fr\/wp-content\/uploads\/2025\/06\/CHEVALIER-ERRANT-dark-4-768x1152.jpg 768w, https:\/\/eiikkii.fr\/wp-content\/uploads\/2025\/06\/CHEVALIER-ERRANT-dark-4-1024x1536.jpg 1024w, https:\/\/eiikkii.fr\/wp-content\/uploads\/2025\/06\/CHEVALIER-ERRANT-dark-4.jpg 1080w\" sizes=\"(max-width: 683px) 100vw, 683px\" \/>\t\t\t\t\t\t\t\t\t\t\t\t\t\t\t<\/div>\n\t\t\t\t<\/div>\n\t\t\t\t<\/div>\n\t\t<div class=\"elementor-element elementor-element-9b13ca5 e-con-full e-flex e-con e-child\" data-id=\"9b13ca5\" data-element_type=\"container\">\n\t\t\t\t<div class=\"elementor-element elementor-element-9502655 elementor-widget elementor-widget-image\" data-id=\"9502655\" data-element_type=\"widget\" data-widget_type=\"image.default\">\n\t\t\t\t<div class=\"elementor-widget-container\">\n\t\t\t\t\t\t\t\t\t\t\t\t\t\t\t<img loading=\"lazy\" decoding=\"async\" width=\"683\" height=\"1024\" src=\"https:\/\/eiikkii.fr\/wp-content\/uploads\/2025\/06\/CHEVALIER-ERRANT-dark-7-683x1024.jpg\" class=\"attachment-large size-large wp-image-959\" alt=\"\" srcset=\"https:\/\/eiikkii.fr\/wp-content\/uploads\/2025\/06\/CHEVALIER-ERRANT-dark-7-683x1024.jpg 683w, https:\/\/eiikkii.fr\/wp-content\/uploads\/2025\/06\/CHEVALIER-ERRANT-dark-7-200x300.jpg 200w, https:\/\/eiikkii.fr\/wp-content\/uploads\/2025\/06\/CHEVALIER-ERRANT-dark-7-768x1152.jpg 768w, https:\/\/eiikkii.fr\/wp-content\/uploads\/2025\/06\/CHEVALIER-ERRANT-dark-7-1024x1536.jpg 1024w, https:\/\/eiikkii.fr\/wp-content\/uploads\/2025\/06\/CHEVALIER-ERRANT-dark-7.jpg 1080w\" sizes=\"(max-width: 683px) 100vw, 683px\" \/>\t\t\t\t\t\t\t\t\t\t\t\t\t\t\t<\/div>\n\t\t\t\t<\/div>\n\t\t\t\t<\/div>\n\t\t\t\t\t<\/div>\n\t\t\t\t<\/div>\n\t\t<div class=\"elementor-element elementor-element-5de624f e-flex e-con-boxed e-con e-parent\" data-id=\"5de624f\" data-element_type=\"container\">\n\t\t\t\t\t<div class=\"e-con-inner\">\n\t\t<div class=\"elementor-element elementor-element-f74940b e-con-full e-flex e-con e-child\" data-id=\"f74940b\" data-element_type=\"container\">\n\t\t\t\t<div class=\"elementor-element elementor-element-c4a32a2 elementor-widget elementor-widget-image\" data-id=\"c4a32a2\" data-element_type=\"widget\" data-widget_type=\"image.default\">\n\t\t\t\t<div class=\"elementor-widget-container\">\n\t\t\t\t\t\t\t\t\t\t\t\t\t\t\t<img loading=\"lazy\" decoding=\"async\" width=\"683\" height=\"1024\" src=\"https:\/\/eiikkii.fr\/wp-content\/uploads\/2025\/06\/CHEVALIER-ERRANT-dark-9-683x1024.jpg\" class=\"attachment-large size-large wp-image-961\" alt=\"\" srcset=\"https:\/\/eiikkii.fr\/wp-content\/uploads\/2025\/06\/CHEVALIER-ERRANT-dark-9-683x1024.jpg 683w, https:\/\/eiikkii.fr\/wp-content\/uploads\/2025\/06\/CHEVALIER-ERRANT-dark-9-200x300.jpg 200w, https:\/\/eiikkii.fr\/wp-content\/uploads\/2025\/06\/CHEVALIER-ERRANT-dark-9-768x1152.jpg 768w, https:\/\/eiikkii.fr\/wp-content\/uploads\/2025\/06\/CHEVALIER-ERRANT-dark-9-1024x1536.jpg 1024w, https:\/\/eiikkii.fr\/wp-content\/uploads\/2025\/06\/CHEVALIER-ERRANT-dark-9.jpg 1080w\" sizes=\"(max-width: 683px) 100vw, 683px\" \/>\t\t\t\t\t\t\t\t\t\t\t\t\t\t\t<\/div>\n\t\t\t\t<\/div>\n\t\t\t\t<\/div>\n\t\t<div class=\"elementor-element elementor-element-d0cda2f e-con-full e-flex e-con e-child\" data-id=\"d0cda2f\" data-element_type=\"container\">\n\t\t\t\t<div class=\"elementor-element elementor-element-dc29747 elementor-widget elementor-widget-image\" data-id=\"dc29747\" data-element_type=\"widget\" data-widget_type=\"image.default\">\n\t\t\t\t<div class=\"elementor-widget-container\">\n\t\t\t\t\t\t\t\t\t\t\t\t\t\t\t<img loading=\"lazy\" decoding=\"async\" width=\"683\" height=\"1024\" src=\"https:\/\/eiikkii.fr\/wp-content\/uploads\/2025\/06\/CHEVALIER-ERRANT-dark-10-683x1024.jpg\" class=\"attachment-large size-large wp-image-962\" alt=\"\" srcset=\"https:\/\/eiikkii.fr\/wp-content\/uploads\/2025\/06\/CHEVALIER-ERRANT-dark-10-683x1024.jpg 683w, https:\/\/eiikkii.fr\/wp-content\/uploads\/2025\/06\/CHEVALIER-ERRANT-dark-10-200x300.jpg 200w, https:\/\/eiikkii.fr\/wp-content\/uploads\/2025\/06\/CHEVALIER-ERRANT-dark-10-768x1152.jpg 768w, https:\/\/eiikkii.fr\/wp-content\/uploads\/2025\/06\/CHEVALIER-ERRANT-dark-10-1024x1536.jpg 1024w, https:\/\/eiikkii.fr\/wp-content\/uploads\/2025\/06\/CHEVALIER-ERRANT-dark-10.jpg 1080w\" sizes=\"(max-width: 683px) 100vw, 683px\" \/>\t\t\t\t\t\t\t\t\t\t\t\t\t\t\t<\/div>\n\t\t\t\t<\/div>\n\t\t\t\t<\/div>\n\t\t\t\t\t<\/div>\n\t\t\t\t<\/div>\n\t\t<div class=\"elementor-element elementor-element-c74d4aa e-flex e-con-boxed e-con e-parent\" data-id=\"c74d4aa\" data-element_type=\"container\">\n\t\t\t\t\t<div class=\"e-con-inner\">\n\t\t<div class=\"elementor-element elementor-element-90a152e e-con-full e-flex e-con e-child\" data-id=\"90a152e\" data-element_type=\"container\">\n\t\t\t\t<div class=\"elementor-element elementor-element-43d483a elementor-widget elementor-widget-image\" data-id=\"43d483a\" data-element_type=\"widget\" data-widget_type=\"image.default\">\n\t\t\t\t<div class=\"elementor-widget-container\">\n\t\t\t\t\t\t\t\t\t\t\t\t\t\t\t<img loading=\"lazy\" decoding=\"async\" width=\"683\" height=\"1024\" src=\"https:\/\/eiikkii.fr\/wp-content\/uploads\/2025\/06\/CHEVALIER-ERRANT-dark-12-683x1024.jpg\" class=\"attachment-large size-large wp-image-964\" alt=\"\" srcset=\"https:\/\/eiikkii.fr\/wp-content\/uploads\/2025\/06\/CHEVALIER-ERRANT-dark-12-683x1024.jpg 683w, https:\/\/eiikkii.fr\/wp-content\/uploads\/2025\/06\/CHEVALIER-ERRANT-dark-12-200x300.jpg 200w, https:\/\/eiikkii.fr\/wp-content\/uploads\/2025\/06\/CHEVALIER-ERRANT-dark-12-768x1152.jpg 768w, https:\/\/eiikkii.fr\/wp-content\/uploads\/2025\/06\/CHEVALIER-ERRANT-dark-12-1024x1536.jpg 1024w, https:\/\/eiikkii.fr\/wp-content\/uploads\/2025\/06\/CHEVALIER-ERRANT-dark-12.jpg 1080w\" sizes=\"(max-width: 683px) 100vw, 683px\" \/>\t\t\t\t\t\t\t\t\t\t\t\t\t\t\t<\/div>\n\t\t\t\t<\/div>\n\t\t\t\t<\/div>\n\t\t<div class=\"elementor-element elementor-element-1811ca9 e-con-full e-flex e-con e-child\" data-id=\"1811ca9\" data-element_type=\"container\">\n\t\t\t\t<div class=\"elementor-element elementor-element-94d806b elementor-widget elementor-widget-image\" data-id=\"94d806b\" data-element_type=\"widget\" data-widget_type=\"image.default\">\n\t\t\t\t<div class=\"elementor-widget-container\">\n\t\t\t\t\t\t\t\t\t\t\t\t\t\t\t<img loading=\"lazy\" decoding=\"async\" width=\"683\" height=\"1024\" src=\"https:\/\/eiikkii.fr\/wp-content\/uploads\/2025\/06\/CHEVALIER-ERRANT-dark-16-683x1024.jpg\" class=\"attachment-large size-large wp-image-967\" alt=\"\" srcset=\"https:\/\/eiikkii.fr\/wp-content\/uploads\/2025\/06\/CHEVALIER-ERRANT-dark-16-683x1024.jpg 683w, https:\/\/eiikkii.fr\/wp-content\/uploads\/2025\/06\/CHEVALIER-ERRANT-dark-16-200x300.jpg 200w, https:\/\/eiikkii.fr\/wp-content\/uploads\/2025\/06\/CHEVALIER-ERRANT-dark-16-768x1152.jpg 768w, https:\/\/eiikkii.fr\/wp-content\/uploads\/2025\/06\/CHEVALIER-ERRANT-dark-16-1024x1536.jpg 1024w, https:\/\/eiikkii.fr\/wp-content\/uploads\/2025\/06\/CHEVALIER-ERRANT-dark-16.jpg 1080w\" sizes=\"(max-width: 683px) 100vw, 683px\" \/>\t\t\t\t\t\t\t\t\t\t\t\t\t\t\t<\/div>\n\t\t\t\t<\/div>\n\t\t\t\t<\/div>\n\t\t\t\t\t<\/div>\n\t\t\t\t<\/div>\n\t\t\t\t<\/div>\n\t\t","protected":false},"excerpt":{"rendered":"<p>Dark Fantasy Core Dark fantasy has always been such an inspiration for me, a world where I can escape from reality. Since coming back from my year in Japan, I&#8217;ve been trying to create a universe that fits with the history of my own country. Castles and forests are the perfect backdrop to share and [&hellip;]<\/p>\n","protected":false},"author":1,"featured_media":952,"parent":0,"menu_order":0,"comment_status":"closed","ping_status":"closed","template":"","meta":{"footnotes":""},"class_list":["post-951","page","type-page","status-publish","has-post-thumbnail","hentry"],"yoast_head":"<!-- This site is optimized with the Yoast SEO plugin v24.6 - https:\/\/yoast.com\/wordpress\/plugins\/seo\/ -->\n<title>Dark Fantasy Core - Eiikkii<\/title>\n<meta name=\"robots\" content=\"index, follow, max-snippet:-1, max-image-preview:large, max-video-preview:-1\" \/>\n<link rel=\"canonical\" href=\"https:\/\/eiikkii.fr\/index.php\/dark-fantasy-core\/\" \/>\n<meta property=\"og:locale\" content=\"en_US\" \/>\n<meta property=\"og:type\" content=\"article\" \/>\n<meta property=\"og:title\" content=\"Dark Fantasy Core - Eiikkii\" \/>\n<meta property=\"og:description\" content=\"Dark Fantasy Core Dark fantasy has always been such an inspiration for me, a world where I can escape from reality. Since coming back from my year in Japan, I&#8217;ve been trying to create a universe that fits with the history of my own country. Castles and forests are the perfect backdrop to share and [&hellip;]\" \/>\n<meta property=\"og:url\" content=\"https:\/\/eiikkii.fr\/index.php\/dark-fantasy-core\/\" \/>\n<meta property=\"og:site_name\" content=\"Eiikkii\" \/>\n<meta property=\"article:modified_time\" content=\"2025-06-26T13:24:55+00:00\" \/>\n<meta property=\"og:image\" content=\"http:\/\/eiikkii.fr\/wp-content\/uploads\/2025\/06\/CHEVALIER-ERRANT-dark-13.jpg\" \/>\n\t<meta property=\"og:image:width\" content=\"1080\" \/>\n\t<meta property=\"og:image:height\" content=\"1620\" \/>\n\t<meta property=\"og:image:type\" content=\"image\/jpeg\" \/>\n<meta name=\"twitter:card\" content=\"summary_large_image\" \/>\n<meta name=\"twitter:label1\" content=\"Est. reading time\" \/>\n\t<meta name=\"twitter:data1\" content=\"3 minutes\" \/>\n<script type=\"application\/ld+json\" class=\"yoast-schema-graph\">{\"@context\":\"https:\/\/schema.org\",\"@graph\":[{\"@type\":\"WebPage\",\"@id\":\"https:\/\/eiikkii.fr\/index.php\/dark-fantasy-core\/\",\"url\":\"https:\/\/eiikkii.fr\/index.php\/dark-fantasy-core\/\",\"name\":\"Dark Fantasy Core - Eiikkii\",\"isPartOf\":{\"@id\":\"https:\/\/eiikkii.fr\/#website\"},\"primaryImageOfPage\":{\"@id\":\"https:\/\/eiikkii.fr\/index.php\/dark-fantasy-core\/#primaryimage\"},\"image\":{\"@id\":\"https:\/\/eiikkii.fr\/index.php\/dark-fantasy-core\/#primaryimage\"},\"thumbnailUrl\":\"https:\/\/eiikkii.fr\/wp-content\/uploads\/2025\/06\/CHEVALIER-ERRANT-dark-13.jpg\",\"datePublished\":\"2025-06-26T13:16:08+00:00\",\"dateModified\":\"2025-06-26T13:24:55+00:00\",\"breadcrumb\":{\"@id\":\"https:\/\/eiikkii.fr\/index.php\/dark-fantasy-core\/#breadcrumb\"},\"inLanguage\":\"en-US\",\"potentialAction\":[{\"@type\":\"ReadAction\",\"target\":[\"https:\/\/eiikkii.fr\/index.php\/dark-fantasy-core\/\"]}]},{\"@type\":\"ImageObject\",\"inLanguage\":\"en-US\",\"@id\":\"https:\/\/eiikkii.fr\/index.php\/dark-fantasy-core\/#primaryimage\",\"url\":\"https:\/\/eiikkii.fr\/wp-content\/uploads\/2025\/06\/CHEVALIER-ERRANT-dark-13.jpg\",\"contentUrl\":\"https:\/\/eiikkii.fr\/wp-content\/uploads\/2025\/06\/CHEVALIER-ERRANT-dark-13.jpg\",\"width\":1080,\"height\":1620,\"caption\":\"Chevalier errant Dark fantasy by Eiikkii\"},{\"@type\":\"BreadcrumbList\",\"@id\":\"https:\/\/eiikkii.fr\/index.php\/dark-fantasy-core\/#breadcrumb\",\"itemListElement\":[{\"@type\":\"ListItem\",\"position\":1,\"name\":\"Accueil\",\"item\":\"https:\/\/eiikkii.fr\/\"},{\"@type\":\"ListItem\",\"position\":2,\"name\":\"Dark Fantasy Core\"}]},{\"@type\":\"WebSite\",\"@id\":\"https:\/\/eiikkii.fr\/#website\",\"url\":\"https:\/\/eiikkii.fr\/\",\"name\":\"Eiikkii\",\"description\":\"Un site utilisant WordPress\",\"publisher\":{\"@id\":\"https:\/\/eiikkii.fr\/#organization\"},\"potentialAction\":[{\"@type\":\"SearchAction\",\"target\":{\"@type\":\"EntryPoint\",\"urlTemplate\":\"https:\/\/eiikkii.fr\/?s={search_term_string}\"},\"query-input\":{\"@type\":\"PropertyValueSpecification\",\"valueRequired\":true,\"valueName\":\"search_term_string\"}}],\"inLanguage\":\"en-US\"},{\"@type\":\"Organization\",\"@id\":\"https:\/\/eiikkii.fr\/#organization\",\"name\":\"Eiikkii\",\"url\":\"https:\/\/eiikkii.fr\/\",\"logo\":{\"@type\":\"ImageObject\",\"inLanguage\":\"en-US\",\"@id\":\"https:\/\/eiikkii.fr\/#\/schema\/logo\/image\/\",\"url\":\"https:\/\/eiikkii.fr\/wp-content\/uploads\/2025\/03\/LOGO.jpg\",\"contentUrl\":\"https:\/\/eiikkii.fr\/wp-content\/uploads\/2025\/03\/LOGO.jpg\",\"width\":500,\"height\":281,\"caption\":\"Eiikkii\"},\"image\":{\"@id\":\"https:\/\/eiikkii.fr\/#\/schema\/logo\/image\/\"},\"sameAs\":[\"https:\/\/www.instagram.com\/eiikkii\/\",\"https:\/\/www.youtube.com\/@eiikkiii\"]}]}<\/script>\n<!-- \/ Yoast SEO plugin. -->","yoast_head_json":{"title":"Dark Fantasy Core - Eiikkii","robots":{"index":"index","follow":"follow","max-snippet":"max-snippet:-1","max-image-preview":"max-image-preview:large","max-video-preview":"max-video-preview:-1"},"canonical":"https:\/\/eiikkii.fr\/index.php\/dark-fantasy-core\/","og_locale":"en_US","og_type":"article","og_title":"Dark Fantasy Core - Eiikkii","og_description":"Dark Fantasy Core Dark fantasy has always been such an inspiration for me, a world where I can escape from reality. Since coming back from my year in Japan, I&#8217;ve been trying to create a universe that fits with the history of my own country. Castles and forests are the perfect backdrop to share and [&hellip;]","og_url":"https:\/\/eiikkii.fr\/index.php\/dark-fantasy-core\/","og_site_name":"Eiikkii","article_modified_time":"2025-06-26T13:24:55+00:00","og_image":[{"width":1080,"height":1620,"url":"http:\/\/eiikkii.fr\/wp-content\/uploads\/2025\/06\/CHEVALIER-ERRANT-dark-13.jpg","type":"image\/jpeg"}],"twitter_card":"summary_large_image","twitter_misc":{"Est. reading time":"3 minutes"},"schema":{"@context":"https:\/\/schema.org","@graph":[{"@type":"WebPage","@id":"https:\/\/eiikkii.fr\/index.php\/dark-fantasy-core\/","url":"https:\/\/eiikkii.fr\/index.php\/dark-fantasy-core\/","name":"Dark Fantasy Core - Eiikkii","isPartOf":{"@id":"https:\/\/eiikkii.fr\/#website"},"primaryImageOfPage":{"@id":"https:\/\/eiikkii.fr\/index.php\/dark-fantasy-core\/#primaryimage"},"image":{"@id":"https:\/\/eiikkii.fr\/index.php\/dark-fantasy-core\/#primaryimage"},"thumbnailUrl":"https:\/\/eiikkii.fr\/wp-content\/uploads\/2025\/06\/CHEVALIER-ERRANT-dark-13.jpg","datePublished":"2025-06-26T13:16:08+00:00","dateModified":"2025-06-26T13:24:55+00:00","breadcrumb":{"@id":"https:\/\/eiikkii.fr\/index.php\/dark-fantasy-core\/#breadcrumb"},"inLanguage":"en-US","potentialAction":[{"@type":"ReadAction","target":["https:\/\/eiikkii.fr\/index.php\/dark-fantasy-core\/"]}]},{"@type":"ImageObject","inLanguage":"en-US","@id":"https:\/\/eiikkii.fr\/index.php\/dark-fantasy-core\/#primaryimage","url":"https:\/\/eiikkii.fr\/wp-content\/uploads\/2025\/06\/CHEVALIER-ERRANT-dark-13.jpg","contentUrl":"https:\/\/eiikkii.fr\/wp-content\/uploads\/2025\/06\/CHEVALIER-ERRANT-dark-13.jpg","width":1080,"height":1620,"caption":"Chevalier errant Dark fantasy by Eiikkii"},{"@type":"BreadcrumbList","@id":"https:\/\/eiikkii.fr\/index.php\/dark-fantasy-core\/#breadcrumb","itemListElement":[{"@type":"ListItem","position":1,"name":"Accueil","item":"https:\/\/eiikkii.fr\/"},{"@type":"ListItem","position":2,"name":"Dark Fantasy Core"}]},{"@type":"WebSite","@id":"https:\/\/eiikkii.fr\/#website","url":"https:\/\/eiikkii.fr\/","name":"Eiikkii","description":"Un site utilisant WordPress","publisher":{"@id":"https:\/\/eiikkii.fr\/#organization"},"potentialAction":[{"@type":"SearchAction","target":{"@type":"EntryPoint","urlTemplate":"https:\/\/eiikkii.fr\/?s={search_term_string}"},"query-input":{"@type":"PropertyValueSpecification","valueRequired":true,"valueName":"search_term_string"}}],"inLanguage":"en-US"},{"@type":"Organization","@id":"https:\/\/eiikkii.fr\/#organization","name":"Eiikkii","url":"https:\/\/eiikkii.fr\/","logo":{"@type":"ImageObject","inLanguage":"en-US","@id":"https:\/\/eiikkii.fr\/#\/schema\/logo\/image\/","url":"https:\/\/eiikkii.fr\/wp-content\/uploads\/2025\/03\/LOGO.jpg","contentUrl":"https:\/\/eiikkii.fr\/wp-content\/uploads\/2025\/03\/LOGO.jpg","width":500,"height":281,"caption":"Eiikkii"},"image":{"@id":"https:\/\/eiikkii.fr\/#\/schema\/logo\/image\/"},"sameAs":["https:\/\/www.instagram.com\/eiikkii\/","https:\/\/www.youtube.com\/@eiikkiii"]}]}},"_links":{"self":[{"href":"https:\/\/eiikkii.fr\/index.php\/wp-json\/wp\/v2\/pages\/951","targetHints":{"allow":["GET"]}}],"collection":[{"href":"https:\/\/eiikkii.fr\/index.php\/wp-json\/wp\/v2\/pages"}],"about":[{"href":"https:\/\/eiikkii.fr\/index.php\/wp-json\/wp\/v2\/types\/page"}],"author":[{"embeddable":true,"href":"https:\/\/eiikkii.fr\/index.php\/wp-json\/wp\/v2\/users\/1"}],"replies":[{"embeddable":true,"href":"https:\/\/eiikkii.fr\/index.php\/wp-json\/wp\/v2\/comments?post=951"}],"version-history":[{"count":7,"href":"https:\/\/eiikkii.fr\/index.php\/wp-json\/wp\/v2\/pages\/951\/revisions"}],"predecessor-version":[{"id":973,"href":"https:\/\/eiikkii.fr\/index.php\/wp-json\/wp\/v2\/pages\/951\/revisions\/973"}],"wp:featuredmedia":[{"embeddable":true,"href":"https:\/\/eiikkii.fr\/index.php\/wp-json\/wp\/v2\/media\/952"}],"wp:attachment":[{"href":"https:\/\/eiikkii.fr\/index.php\/wp-json\/wp\/v2\/media?parent=951"}],"curies":[{"name":"wp","href":"https:\/\/api.w.org\/{rel}","templated":true}]}}